{"id":3852,"date":"2022-12-22T16:54:52","date_gmt":"2022-12-22T14:54:52","guid":{"rendered":"https:\/\/cards.kkiosk.ch\/informativa-sulla-privacy-2\/"},"modified":"2023-03-03T12:10:44","modified_gmt":"2023-03-03T11:10:44","slug":"faq","status":"publish","type":"page","link":"https:\/\/cards.kkiosk.ch\/it\/faq\/","title":{"rendered":"FAQ"},"content":{"rendered":"<div class=\"wps-kk-tc\">\n<h2 class=\"wps-kk-tc_title\">Benvenuti nel negozio web di carte regalo k kiosk<\/h2>\n<p class=\"wps-kk-tc_sub\">Facciamo parte di Valora Schweiz AG e desideriamo offrirti la possibilit\u00e0 di regalare o utilizzare un&#8217;ampia gamma di carte regalo e altre carte di valore.<br \/>\nHai una domanda? Qui puoi trovare le risposte alle domande pi\u00f9 frequenti. Tuttavia, sei anche invitato a contattarci all&#8217;indirizzo <a href=\"mailto:support.cards@kkiosk.ch\">support.cards@kkiosk.ch<\/a> e saremo lieti di aiutarti.<\/p>\n<div class=\"acc-body\">\n<p><b>Cosa posso acquistare su cards.kkiosk.ch? <\/b><br \/>\nNel nostro negozio \u00e8 possibile acquistare un&#8217;ampia gamma di carte regalo (voucher) da utilizzare autonomamente o da regalare.<\/p>\n<p><b>A partire da quale et\u00e0 posso fare acquisti qui? <\/b><br \/>\nIn linea di principio, non ci sono limiti di et\u00e0 per l&#8217;acquisto di carte regalo e carte prepagate. Tuttavia, pu\u00f2 accadere che il riscatto del buono sia legato a un limite di et\u00e0. Prima di effettuare l&#8217;acquisto, verifica che te o la persona che riceve il regalo soddisfiate le condizioni di riscatto del fornitore del buono.<br \/>\nLimiti di et\u00e0 a noi noti (elenco non completo):<br \/>\nDisney+ &#8211; 18 anni<br \/>\nSony PSN 18 (il titolare dell&#8217;account deve avere 18 anni)<\/p>\n<p><b>Devo registrarmi? <\/b><br \/>\nNo.<\/p>\n<p><b>Come avviene la consegna? <\/b><br \/>\nNel nostro negozio, decidi tu come ottenere la carta regalo. Offriamo la possibilit\u00e0 di consegna via e-mail. Se invece hai bisogno di una carta regalo fisica, puoi acquistarla nel negozio e ritirarla in uno dei nostri punti vendita (link Storefinder). Si prega di osservare gli orari di apertura quando si effettua il ritiro presso un negozio. Offriamo solo il ritiro presso i negozi convenzionati, non \u00e8 possibile il ritiro presso negozi autonomi o distributori automatici.<br \/>\nNon offriamo l&#8217;invio a un indirizzo postale.<br \/>\nCon la consegna digitale, potrebbero verificarsi lievi ritardi nella consegna via e-mail. In linea di principio, Valora \u00e8 tenuta a consegnare gli ordini con consegna via e-mail al cliente entro 4 ore dall&#8217;effettuazione del pagamento.<\/p>\n<p><b>Non ho ricevuto un&#8217;e-mail con il codice dopo il pagamento. Cosa posso fare? <\/b><br \/>\nHai gi\u00e0 guardato nella cartella spam del tuo provider di posta elettronica? A volte le nostre e-mail finiscono l\u00ec. Se ci trovi nella cartella spam, segnala al tuo programma di posta elettronica che il nostro indirizzo non \u00e8 spam. Poi non succede pi\u00f9.<br \/>\nNon \u00e8 ancora stato trovato?<br \/>\nSe non hai ancora trovato il tuo buono o la tua carta prepagata, contattaci al pi\u00f9 presto.<\/p>\n<p><b>Quali sono le condizioni di consegna? <\/b><br \/>\nNaturalmente non \u00e8 previsto alcun costo per la consegna digitale di un buono o per il ritiro di una carta fisica presso uno dei nostri punti vendita.<\/p>\n<p><b>Come posso riscattare un buono o una carta prepagata? <\/b><br \/>\nI buoni e le carte prepagate vengono riscossi direttamente presso il rispettivo fornitore. Troverai le informazioni necessarie sulle rispettive pagine dei fornitori.<br \/>\n\u00c8 importante sapere che tutti i buoni possono essere riscossi solo dal nostro webshop in Svizzera. Diversi provider limitano il rimborso al rispettivo Paese, nel nostro caso la Svizzera. Si prega di osservare i rispettivi termini e condizioni e le condizioni di riscatto dei vari fornitori. Non ci assumiamo alcuna responsabilit\u00e0 per problemi di riscatto in conformit\u00e0 con i nostri T&amp;C.<\/p>\n<p><b>Quali mezzi di pagamento accettiamo? <\/b><br \/>\nQuando paghi nel nostro negozio online, accettiamo i metodi di pagamento pi\u00f9 comuni (vedi elenco). Naturalmente, amplieremo le possibilit\u00e0 in base alle esigenze.<br \/>\nSe non vuoi pagare nel nostro negozio, puoi anche pagare in tutti i nostri punti vendita e ricevere il voucher o la carta prepagata via e-mail subito dopo il pagamento. Presso i punti vendita \u00e8 possibile pagare in contanti o con carta.<\/p>\n<p><b>Ho il diritto di tornare? <\/b><br \/>\nNon potendo verificare se un buono o una carta prepagata sono gi\u00e0 stati riscattati, non possiamo concedere il diritto di recesso.<br \/>\nIn casi eccezionali o in caso di ordini ufficiali, possiamo fare delle eccezioni dopo aver consultato il rispettivo fornitore.<br \/>\nSi prega di notare che anche gli ordini online con consegna via e-mail ma pagati presso un punto vendita fisico devono essere annullati presso il punto vendita. Gli ordini pagati online con un metodo di pagamento disponibile possono essere annullati solo online.<\/p>\n<p><b>Che cos&#8217;\u00e8 la frode dei carte regalo? <\/b><br \/>\nFondamentalmente, esistono diversi tipi di frode sui carte regalo.<br \/>\nFrode con la carta regalo stessa:<br \/>\nIn questo tipo di truffa, alla persona truffata viene spesso chiesto di utilizzare delle carte regalo come pagamento al truffatore. Ad esempio, potrebbe esserti chiesto di acquistare dei buoni per pagare un articolo (ad esempio su una piattaforma di trading\/scambio online) come mezzo di pagamento. Fate attenzione se qualcuno vi chiede di acquistare carte regalo come Steam, Bitcoin, paysafe ecc. come mezzo di pagamento.<br \/>\nNon appena i voucher (codici voucher) acquistati vengono consegnati all&#8217;altra persona, si deve presumere che verranno utilizzati immediatamente e trasformati in denaro. I truffatori di voucher lavorano in modo molto professionale e rapido. Fate attenzione! Acquistate sempre i buoni per se stessi o come regalo per i tuoi cari.<\/p>\n<p>Il secondo tipo di frode pi\u00f9 comune avviene attraverso i vostri mezzi di pagamento o i vostri dati personali:<br \/>\nIn questo tipo di frode, i dati relativi ai pagamenti e ai clienti vengono copiati e utilizzati.<br \/>\nIn questo modo, i dati di pagamento come il numero di carta, il codice di sicurezza e la data di scadenza delle carte di credito, ma anche i dati di accesso ad esempio ai conti TWINT, che sono stati rubati ad esempio tramite un attacco di phishing, possono essere utilizzati online per gli acquisti.<br \/>\nIl truffatore pu\u00f2 quindi utilizzare le carte regalo come Paysafe per convertirli in un mezzo di pagamento anonimo e successivamente convertirli in denaro rivendendo i voucher.<br \/>\nAssicurati che i tuoi dati di pagamento e personali siano sempre protetti e non darli a nessuno che non conosci.<\/p>\n<p><b>Chi \u00e8 responsabile in caso di frode sulle carte regalo? <\/b><br \/>\nIl pi\u00f9 delle volte sei te stesso responsabili. Dipende anche dal fatto che abbiate commesso una frode con i dati di pagamento o con le carte regalo. Nel primo caso, dovi essere in grado di dimostrare che non hai alcuna colpa (nessuna foto di dati di pagamento condivisi, carte passate, ecc.), altrimenti di solito si applica una clausola contrattuale presso le banche, che pu\u00f2 renderti responsabile in caso di imprudenza. Nel secondo caso, sei comunque responsabile in prima persona, a meno che non hai un&#8217;assicurazione adeguata. Noi, in qualit\u00e0 di commercianti, non saremo responsabili in alcun caso.<\/p>\n<p><b>Cosa posso fare quando mi accorgo di essere stato truffato? <\/b><br \/>\nA seconda del tipo di frode, puoi agire come segue:<br \/>\nSe, ad esempio, i tuoi dati di pagamento sono stati rubati, blocca immediatamente i tuoi conti e le tue carte presso la rispettiva banca per evitare ulteriori danni.<br \/>\nSe i buoni sono gi\u00e0 stati acquistati con i tuoi dati di pagamento, contattaci. Senza garanzia, possiamo provare a disattivare i buoni emessi. Nella maggior parte dei casi, tuttavia, i buoni rubati sono gi\u00e0 stati riscattati dai truffatori. La denuncia di frode alla polizia \u00e8 un requisito essenziale in ogni caso, poich\u00e9 una frode commessa o tentata \u00e8 un reato punibile.<\/p>\n<\/div>\n<\/div>\n","protected":false},"excerpt":{"rendered":"<p>Benvenuti nel negozio web di carte regalo k kiosk Facciamo parte di Valora Schweiz AG e desideriamo offrirti la possibilit\u00e0 di regalare o utilizzare un&#8217;ampia gamma di carte regalo e altre carte di valore. Hai una domanda? Qui puoi trovare le risposte alle domande pi\u00f9 frequenti. Tuttavia, sei anche invitato a contattarci all&#8217;indirizzo support.cards@kkiosk.ch e [&hellip;]<\/p>\n","protected":false},"author":2,"featured_media":0,"parent":0,"menu_order":0,"comment_status":"closed","ping_status":"closed","template":"","meta":{"_acf_changed":false,"footnotes":""},"class_list":["post-3852","page","type-page","status-publish","hentry"],"acf":[],"aioseo_notices":[],"aioseo_head":"\n\t\t<!-- All in One SEO Pro 4.9.6.2 - aioseo.com -->\n\t<meta name=\"description\" content=\"Benvenuti nel negozio web di carte regalo k kiosk Facciamo parte di Valora Schweiz AG e desideriamo offrirti la possibilit\u00e0 di regalare o utilizzare un&#039;ampia gamma di carte regalo e altre carte di valore. Hai una domanda? Qui puoi trovare le risposte alle domande pi\u00f9 frequenti. Tuttavia, sei anche invitato a contattarci all&#039;indirizzo support.cards@kkiosk.ch e\" \/>\n\t<meta name=\"robots\" content=\"max-image-preview:large\" \/>\n\t<meta name=\"google-site-verification\" content=\"rYn5PCbh0_K_BKTjpqwAZI5rFXpv5c-SV5eHdmLHhr0\" \/>\n\t<meta name=\"msvalidate.01\" content=\"D078CE645D623BFE38BB58E6D03E005A\" \/>\n\t<link rel=\"canonical\" href=\"https:\/\/cards.kkiosk.ch\/it\/faq\/\" \/>\n\t<meta name=\"generator\" content=\"All in One SEO Pro (AIOSEO) 4.9.6.2\" \/>\n\t\t<meta property=\"og:locale\" content=\"it_IT\" \/>\n\t\t<meta property=\"og:site_name\" content=\"Ricarica digitale immediata | cards.kkiosk.ch \u2192 Shop svizzero di carte regalo e crediti digitali: Apple, Paysafecard, Google Play, Bitcoin e altro. Pagamento sicuro, codice via e-mail in pochi secondi.\" \/>\n\t\t<meta property=\"og:type\" content=\"article\" \/>\n\t\t<meta property=\"og:title\" content=\"FAQ \u2192 Ricarica digitale immediata | cards.kkiosk.ch\" \/>\n\t\t<meta property=\"og:description\" content=\"Benvenuti nel negozio web di carte regalo k kiosk Facciamo parte di Valora Schweiz AG e desideriamo offrirti la possibilit\u00e0 di regalare o utilizzare un&#039;ampia gamma di carte regalo e altre carte di valore. Hai una domanda? Qui puoi trovare le risposte alle domande pi\u00f9 frequenti. Tuttavia, sei anche invitato a contattarci all&#039;indirizzo support.cards@kkiosk.ch e\" \/>\n\t\t<meta property=\"og:url\" content=\"https:\/\/cards.kkiosk.ch\/it\/faq\/\" \/>\n\t\t<meta property=\"og:image\" content=\"https:\/\/cards.kkiosk.ch\/wp-content\/uploads\/2023\/03\/cropped-cards-kkiosk-favicon-black-e1677911898508.png\" \/>\n\t\t<meta property=\"og:image:secure_url\" content=\"https:\/\/cards.kkiosk.ch\/wp-content\/uploads\/2023\/03\/cropped-cards-kkiosk-favicon-black-e1677911898508.png\" \/>\n\t\t<meta property=\"og:image:width\" content=\"512\" \/>\n\t\t<meta property=\"og:image:height\" content=\"512\" \/>\n\t\t<meta property=\"article:published_time\" content=\"2022-12-22T14:54:52+00:00\" \/>\n\t\t<meta property=\"article:modified_time\" content=\"2023-03-03T11:10:44+00:00\" \/>\n\t\t<meta property=\"article:publisher\" content=\"https:\/\/www.facebook.com\/kkiosk\" \/>\n\t\t<meta name=\"twitter:card\" content=\"summary_large_image\" \/>\n\t\t<meta name=\"twitter:title\" content=\"FAQ \u2192 Ricarica digitale immediata | cards.kkiosk.ch\" \/>\n\t\t<meta name=\"twitter:description\" content=\"Benvenuti nel negozio web di carte regalo k kiosk Facciamo parte di Valora Schweiz AG e desideriamo offrirti la possibilit\u00e0 di regalare o utilizzare un&#039;ampia gamma di carte regalo e altre carte di valore. Hai una domanda? Qui puoi trovare le risposte alle domande pi\u00f9 frequenti. Tuttavia, sei anche invitato a contattarci all&#039;indirizzo support.cards@kkiosk.ch e\" \/>\n\t\t<meta name=\"twitter:image\" content=\"https:\/\/cards.kkiosk.ch\/wp-content\/uploads\/2023\/03\/cropped-cards-kkiosk-favicon-black-e1677911898508.png\" \/>\n\t\t<script type=\"application\/ld+json\" class=\"aioseo-schema\">\n\t\t\t{\"@context\":\"https:\\\/\\\/schema.org\",\"@graph\":[{\"@type\":\"BreadcrumbList\",\"@id\":\"https:\\\/\\\/cards.kkiosk.ch\\\/it\\\/faq\\\/#breadcrumblist\",\"itemListElement\":[{\"@type\":\"ListItem\",\"@id\":\"https:\\\/\\\/cards.kkiosk.ch\\\/it\\\/#listItem\",\"position\":1,\"name\":\"Home\",\"item\":\"https:\\\/\\\/cards.kkiosk.ch\\\/it\\\/\",\"nextItem\":{\"@type\":\"ListItem\",\"@id\":\"https:\\\/\\\/cards.kkiosk.ch\\\/it\\\/faq\\\/#listItem\",\"name\":\"FAQ\"}},{\"@type\":\"ListItem\",\"@id\":\"https:\\\/\\\/cards.kkiosk.ch\\\/it\\\/faq\\\/#listItem\",\"position\":2,\"name\":\"FAQ\",\"previousItem\":{\"@type\":\"ListItem\",\"@id\":\"https:\\\/\\\/cards.kkiosk.ch\\\/it\\\/#listItem\",\"name\":\"Home\"}}]},{\"@type\":\"ItemPage\",\"@id\":\"https:\\\/\\\/cards.kkiosk.ch\\\/it\\\/faq\\\/#itempage\",\"url\":\"https:\\\/\\\/cards.kkiosk.ch\\\/it\\\/faq\\\/\",\"name\":\"FAQ \\u2192 Ricarica digitale immediata | cards.kkiosk.ch\",\"description\":\"Benvenuti nel negozio web di carte regalo k kiosk Facciamo parte di Valora Schweiz AG e desideriamo offrirti la possibilit\\u00e0 di regalare o utilizzare un'ampia gamma di carte regalo e altre carte di valore. Hai una domanda? Qui puoi trovare le risposte alle domande pi\\u00f9 frequenti. Tuttavia, sei anche invitato a contattarci all'indirizzo support.cards@kkiosk.ch e\",\"inLanguage\":\"it\",\"isPartOf\":{\"@id\":\"https:\\\/\\\/cards.kkiosk.ch\\\/it\\\/#website\"},\"breadcrumb\":{\"@id\":\"https:\\\/\\\/cards.kkiosk.ch\\\/it\\\/faq\\\/#breadcrumblist\"},\"datePublished\":\"2022-12-22T16:54:52+01:00\",\"dateModified\":\"2023-03-03T12:10:44+01:00\"},{\"@type\":\"Organization\",\"@id\":\"https:\\\/\\\/cards.kkiosk.ch\\\/it\\\/#organization\",\"name\":\"Valora Schweiz AG\",\"description\":\"Shop svizzero di carte regalo e crediti digitali: Apple, Paysafecard, Google Play, Bitcoin e altro. Pagamento sicuro, codice via e-mail in pochi secondi.\",\"url\":\"https:\\\/\\\/cards.kkiosk.ch\\\/it\\\/\",\"telephone\":\"+41614672020\",\"logo\":{\"@type\":\"ImageObject\",\"url\":\"https:\\\/\\\/cards.kkiosk.ch\\\/wp-content\\\/uploads\\\/2023\\\/03\\\/cropped-cards-kkiosk-favicon-black-e1677911898508.png\",\"@id\":\"https:\\\/\\\/cards.kkiosk.ch\\\/it\\\/faq\\\/#organizationLogo\",\"width\":512,\"height\":512},\"image\":{\"@id\":\"https:\\\/\\\/cards.kkiosk.ch\\\/it\\\/faq\\\/#organizationLogo\"},\"sameAs\":[\"https:\\\/\\\/www.facebook.com\\\/kkiosk\",\"https:\\\/\\\/www.instagram.com\\\/k_kiosk\\\/\",\"https:\\\/\\\/www.pinterest.com\\\/cards0056\\\/\",\"https:\\\/\\\/www.youtube.com\\\/user\\\/my1kkiosk\"]},{\"@type\":\"WebPage\",\"@id\":\"https:\\\/\\\/cards.kkiosk.ch\\\/it\\\/faq\\\/#webpage\",\"url\":\"https:\\\/\\\/cards.kkiosk.ch\\\/it\\\/faq\\\/\",\"name\":\"FAQ \\u2192 Ricarica digitale immediata | cards.kkiosk.ch\",\"description\":\"Benvenuti nel negozio web di carte regalo k kiosk Facciamo parte di Valora Schweiz AG e desideriamo offrirti la possibilit\\u00e0 di regalare o utilizzare un'ampia gamma di carte regalo e altre carte di valore. Hai una domanda? Qui puoi trovare le risposte alle domande pi\\u00f9 frequenti. Tuttavia, sei anche invitato a contattarci all'indirizzo support.cards@kkiosk.ch e\",\"inLanguage\":\"it\",\"isPartOf\":{\"@id\":\"https:\\\/\\\/cards.kkiosk.ch\\\/it\\\/#website\"},\"breadcrumb\":{\"@id\":\"https:\\\/\\\/cards.kkiosk.ch\\\/it\\\/faq\\\/#breadcrumblist\"},\"datePublished\":\"2022-12-22T16:54:52+01:00\",\"dateModified\":\"2023-03-03T12:10:44+01:00\"},{\"@type\":\"WebSite\",\"@id\":\"https:\\\/\\\/cards.kkiosk.ch\\\/it\\\/#website\",\"url\":\"https:\\\/\\\/cards.kkiosk.ch\\\/it\\\/\",\"name\":\"cards.kkiosk.ch\",\"alternateName\":\"cards\",\"description\":\"Shop svizzero di carte regalo e crediti digitali: Apple, Paysafecard, Google Play, Bitcoin e altro. Pagamento sicuro, codice via e-mail in pochi secondi.\",\"inLanguage\":\"it\",\"publisher\":{\"@id\":\"https:\\\/\\\/cards.kkiosk.ch\\\/it\\\/#organization\"}}]}\n\t\t<\/script>\n\t\t<!-- All in One SEO Pro -->\r\n\t\t<title>FAQ \u2192 Ricarica digitale immediata | cards.kkiosk.ch<\/title>\n\n","aioseo_head_json":{"title":"FAQ \u2192 Ricarica digitale immediata | cards.kkiosk.ch","description":"Benvenuti nel negozio web di carte regalo k kiosk Facciamo parte di Valora Schweiz AG e desideriamo offrirti la possibilit\u00e0 di regalare o utilizzare un'ampia gamma di carte regalo e altre carte di valore. Hai una domanda? Qui puoi trovare le risposte alle domande pi\u00f9 frequenti. Tuttavia, sei anche invitato a contattarci all'indirizzo support.cards@kkiosk.ch e","canonical_url":"https:\/\/cards.kkiosk.ch\/it\/faq\/","robots":"max-image-preview:large","keywords":"","webmasterTools":{"google-site-verification":"rYn5PCbh0_K_BKTjpqwAZI5rFXpv5c-SV5eHdmLHhr0","msvalidate.01":"D078CE645D623BFE38BB58E6D03E005A","miscellaneous":""},"schema":{"@context":"https:\/\/schema.org","@graph":[{"@type":"BreadcrumbList","@id":"https:\/\/cards.kkiosk.ch\/it\/faq\/#breadcrumblist","itemListElement":[{"@type":"ListItem","@id":"https:\/\/cards.kkiosk.ch\/it\/#listItem","position":1,"name":"Home","item":"https:\/\/cards.kkiosk.ch\/it\/","nextItem":{"@type":"ListItem","@id":"https:\/\/cards.kkiosk.ch\/it\/faq\/#listItem","name":"FAQ"}},{"@type":"ListItem","@id":"https:\/\/cards.kkiosk.ch\/it\/faq\/#listItem","position":2,"name":"FAQ","previousItem":{"@type":"ListItem","@id":"https:\/\/cards.kkiosk.ch\/it\/#listItem","name":"Home"}}]},{"@type":"ItemPage","@id":"https:\/\/cards.kkiosk.ch\/it\/faq\/#itempage","url":"https:\/\/cards.kkiosk.ch\/it\/faq\/","name":"FAQ \u2192 Ricarica digitale immediata | cards.kkiosk.ch","description":"Benvenuti nel negozio web di carte regalo k kiosk Facciamo parte di Valora Schweiz AG e desideriamo offrirti la possibilit\u00e0 di regalare o utilizzare un'ampia gamma di carte regalo e altre carte di valore. Hai una domanda? Qui puoi trovare le risposte alle domande pi\u00f9 frequenti. Tuttavia, sei anche invitato a contattarci all'indirizzo support.cards@kkiosk.ch e","inLanguage":"it","isPartOf":{"@id":"https:\/\/cards.kkiosk.ch\/it\/#website"},"breadcrumb":{"@id":"https:\/\/cards.kkiosk.ch\/it\/faq\/#breadcrumblist"},"datePublished":"2022-12-22T16:54:52+01:00","dateModified":"2023-03-03T12:10:44+01:00"},{"@type":"Organization","@id":"https:\/\/cards.kkiosk.ch\/it\/#organization","name":"Valora Schweiz AG","description":"Shop svizzero di carte regalo e crediti digitali: Apple, Paysafecard, Google Play, Bitcoin e altro. Pagamento sicuro, codice via e-mail in pochi secondi.","url":"https:\/\/cards.kkiosk.ch\/it\/","telephone":"+41614672020","logo":{"@type":"ImageObject","url":"https:\/\/cards.kkiosk.ch\/wp-content\/uploads\/2023\/03\/cropped-cards-kkiosk-favicon-black-e1677911898508.png","@id":"https:\/\/cards.kkiosk.ch\/it\/faq\/#organizationLogo","width":512,"height":512},"image":{"@id":"https:\/\/cards.kkiosk.ch\/it\/faq\/#organizationLogo"},"sameAs":["https:\/\/www.facebook.com\/kkiosk","https:\/\/www.instagram.com\/k_kiosk\/","https:\/\/www.pinterest.com\/cards0056\/","https:\/\/www.youtube.com\/user\/my1kkiosk"]},{"@type":"WebPage","@id":"https:\/\/cards.kkiosk.ch\/it\/faq\/#webpage","url":"https:\/\/cards.kkiosk.ch\/it\/faq\/","name":"FAQ \u2192 Ricarica digitale immediata | cards.kkiosk.ch","description":"Benvenuti nel negozio web di carte regalo k kiosk Facciamo parte di Valora Schweiz AG e desideriamo offrirti la possibilit\u00e0 di regalare o utilizzare un'ampia gamma di carte regalo e altre carte di valore. Hai una domanda? Qui puoi trovare le risposte alle domande pi\u00f9 frequenti. Tuttavia, sei anche invitato a contattarci all'indirizzo support.cards@kkiosk.ch e","inLanguage":"it","isPartOf":{"@id":"https:\/\/cards.kkiosk.ch\/it\/#website"},"breadcrumb":{"@id":"https:\/\/cards.kkiosk.ch\/it\/faq\/#breadcrumblist"},"datePublished":"2022-12-22T16:54:52+01:00","dateModified":"2023-03-03T12:10:44+01:00"},{"@type":"WebSite","@id":"https:\/\/cards.kkiosk.ch\/it\/#website","url":"https:\/\/cards.kkiosk.ch\/it\/","name":"cards.kkiosk.ch","alternateName":"cards","description":"Shop svizzero di carte regalo e crediti digitali: Apple, Paysafecard, Google Play, Bitcoin e altro. Pagamento sicuro, codice via e-mail in pochi secondi.","inLanguage":"it","publisher":{"@id":"https:\/\/cards.kkiosk.ch\/it\/#organization"}}]},"og:locale":"it_IT","og:site_name":"Ricarica digitale immediata | cards.kkiosk.ch \u2192 Shop svizzero di carte regalo e crediti digitali: Apple, Paysafecard, Google Play, Bitcoin e altro. Pagamento sicuro, codice via e-mail in pochi secondi.","og:type":"article","og:title":"FAQ \u2192 Ricarica digitale immediata | cards.kkiosk.ch","og:description":"Benvenuti nel negozio web di carte regalo k kiosk Facciamo parte di Valora Schweiz AG e desideriamo offrirti la possibilit\u00e0 di regalare o utilizzare un'ampia gamma di carte regalo e altre carte di valore. Hai una domanda? Qui puoi trovare le risposte alle domande pi\u00f9 frequenti. Tuttavia, sei anche invitato a contattarci all'indirizzo support.cards@kkiosk.ch e","og:url":"https:\/\/cards.kkiosk.ch\/it\/faq\/","og:image":"https:\/\/cards.kkiosk.ch\/wp-content\/uploads\/2023\/03\/cropped-cards-kkiosk-favicon-black-e1677911898508.png","og:image:secure_url":"https:\/\/cards.kkiosk.ch\/wp-content\/uploads\/2023\/03\/cropped-cards-kkiosk-favicon-black-e1677911898508.png","og:image:width":512,"og:image:height":512,"article:published_time":"2022-12-22T14:54:52+00:00","article:modified_time":"2023-03-03T11:10:44+00:00","article:publisher":"https:\/\/www.facebook.com\/kkiosk","twitter:card":"summary_large_image","twitter:title":"FAQ \u2192 Ricarica digitale immediata | cards.kkiosk.ch","twitter:description":"Benvenuti nel negozio web di carte regalo k kiosk Facciamo parte di Valora Schweiz AG e desideriamo offrirti la possibilit\u00e0 di regalare o utilizzare un'ampia gamma di carte regalo e altre carte di valore. Hai una domanda? Qui puoi trovare le risposte alle domande pi\u00f9 frequenti. Tuttavia, sei anche invitato a contattarci all'indirizzo support.cards@kkiosk.ch e","twitter:image":"https:\/\/cards.kkiosk.ch\/wp-content\/uploads\/2023\/03\/cropped-cards-kkiosk-favicon-black-e1677911898508.png"},"aioseo_meta_data":{"post_id":"3852","title":null,"description":null,"keywords":[],"keyphrases":{"focus":{"keyphrase":"","score":0,"analysis":{"keyphraseInTitle":{"score":0,"maxScore":9,"error":1}}},"additional":[]},"primary_term":null,"canonical_url":null,"og_title":null,"og_description":null,"og_object_type":"default","og_image_type":"default","og_image_url":null,"og_image_width":null,"og_image_height":null,"og_image_custom_url":null,"og_image_custom_fields":null,"og_video":"","og_custom_url":null,"og_article_section":null,"og_article_tags":[],"twitter_use_og":false,"twitter_card":"default","twitter_image_type":"default","twitter_image_url":null,"twitter_image_custom_url":null,"twitter_image_custom_fields":null,"twitter_title":null,"twitter_description":null,"schema":{"blockGraphs":[],"customGraphs":[],"default":{"data":{"Article":[],"Course":[],"Dataset":[],"FAQPage":[],"Movie":[],"Person":[],"Product":[],"ProductReview":[],"Car":[],"Recipe":[],"Service":[],"SoftwareApplication":[],"WebPage":[]},"graphName":"WebPage","isEnabled":true},"graphs":[]},"schema_type":"default","schema_type_options":null,"pillar_content":false,"robots_default":true,"robots_noindex":false,"robots_noarchive":false,"robots_nosnippet":false,"robots_nofollow":false,"robots_noimageindex":false,"robots_noodp":false,"robots_notranslate":false,"robots_max_snippet":"-1","robots_max_videopreview":"-1","robots_max_imagepreview":"large","priority":null,"frequency":"default","local_seo":null,"seo_analyzer_scan_date":"2025-08-22 20:58:14","breadcrumb_settings":null,"limit_modified_date":false,"open_ai":null,"ai":null,"created":"2023-02-28 14:10:37","updated":"2025-10-21 04:52:42"},"aioseo_breadcrumb":"<div class=\"aioseo-breadcrumbs\"><span class=\"aioseo-breadcrumb\">\n\t<a href=\"https:\/\/cards.kkiosk.ch\/it\/\" title=\"Home\">Home<\/a>\n<\/span><span class=\"aioseo-breadcrumb-separator\">\u2192<\/span><span class=\"aioseo-breadcrumb\">\n\tFAQ\n<\/span><\/div>","aioseo_breadcrumb_json":[{"label":"Home","link":"https:\/\/cards.kkiosk.ch\/it\/"},{"label":"FAQ","link":"https:\/\/cards.kkiosk.ch\/it\/faq\/"}],"_links":{"self":[{"href":"https:\/\/cards.kkiosk.ch\/it\/wp-json\/wp\/v2\/pages\/3852","targetHints":{"allow":["GET"]}}],"collection":[{"href":"https:\/\/cards.kkiosk.ch\/it\/wp-json\/wp\/v2\/pages"}],"about":[{"href":"https:\/\/cards.kkiosk.ch\/it\/wp-json\/wp\/v2\/types\/page"}],"author":[{"embeddable":true,"href":"https:\/\/cards.kkiosk.ch\/it\/wp-json\/wp\/v2\/users\/2"}],"replies":[{"embeddable":true,"href":"https:\/\/cards.kkiosk.ch\/it\/wp-json\/wp\/v2\/comments?post=3852"}],"version-history":[{"count":0,"href":"https:\/\/cards.kkiosk.ch\/it\/wp-json\/wp\/v2\/pages\/3852\/revisions"}],"wp:attachment":[{"href":"https:\/\/cards.kkiosk.ch\/it\/wp-json\/wp\/v2\/media?parent=3852"}],"curies":[{"name":"wp","href":"https:\/\/api.w.org\/{rel}","templated":true}]}}