{"id":66530,"date":"2023-11-23T14:42:17","date_gmt":"2023-11-23T13:42:17","guid":{"rendered":"https:\/\/cards.kkiosk.ch\/produkt\/yallo\/"},"modified":"2024-05-03T09:13:50","modified_gmt":"2024-05-03T07:13:50","slug":"yallo","status":"publish","type":"product","link":"https:\/\/cards.kkiosk.ch\/fr\/produit\/yallo\/","title":{"rendered":"Yallo"},"content":{"rendered":"","protected":false},"excerpt":{"rendered":"<p>Mini prix pour les appels en Suisse et vers l&#8217;Europe<\/p>\n","protected":false},"featured_media":113474,"template":"","meta":{"_acf_changed":false},"product_brand":[],"product_cat":[172],"product_tag":[110],"class_list":{"0":"post-66530","1":"product","2":"type-product","3":"status-publish","4":"has-post-thumbnail","6":"product_cat-telephonie","7":"product_tag-envoi-par-e-mail","9":"first","10":"instock","11":"sold-individually","12":"shipping-taxable","13":"purchasable","14":"product-type-wgm_gift_card"},"acf":[],"aioseo_notices":[],"aioseo_head":"\n\t\t<!-- All in One SEO Pro 4.9.5.2 - aioseo.com -->\n\t<meta name=\"description\" content=\"Achetez votre Yallo en ligne pour la Suisse : code instantan\u00e9 par e-mail, paiement s\u00e9curis\u00e9, service 24h\/24 sur cards.kkiosk.ch.\" \/>\n\t<meta name=\"robots\" content=\"max-image-preview:large\" \/>\n\t<meta name=\"google-site-verification\" content=\"rYn5PCbh0_K_BKTjpqwAZI5rFXpv5c-SV5eHdmLHhr0\" \/>\n\t<meta name=\"msvalidate.01\" content=\"D078CE645D623BFE38BB58E6D03E005A\" \/>\n\t<link rel=\"canonical\" href=\"https:\/\/cards.kkiosk.ch\/fr\/produit\/yallo\/\" \/>\n\t<meta name=\"generator\" content=\"All in One SEO Pro (AIOSEO) 4.9.5.2\" \/>\n\t\t<meta property=\"og:locale\" content=\"fr_FR\" \/>\n\t\t<meta property=\"og:site_name\" content=\"Carte-cadeau num\u00e9rique, livraison instantan\u00e9e | cards.kkiosk.ch \u2192 Boutique suisse de cartes-cadeaux et cr\u00e9dits num\u00e9riques : Apple, Paysafecard, Google Play, Bitcoin\u2026 Paiement s\u00e9curis\u00e9, code instantan\u00e9 par e-mail.\" \/>\n\t\t<meta property=\"og:type\" content=\"product\" \/>\n\t\t<meta property=\"og:title\" content=\"Yallo Carte-cadeau num\u00e9rique, livraison instantan\u00e9e | cards.kkiosk.ch\" \/>\n\t\t<meta property=\"og:description\" content=\"Achetez votre Yallo en ligne pour la Suisse : code instantan\u00e9 par e-mail, paiement s\u00e9curis\u00e9, service 24h\/24 sur cards.kkiosk.ch.\" \/>\n\t\t<meta property=\"og:url\" content=\"https:\/\/cards.kkiosk.ch\/fr\/produit\/yallo\/\" \/>\n\t\t<meta property=\"og:image\" content=\"https:\/\/cards.kkiosk.ch\/wp-content\/uploads\/2023\/03\/cropped-cards-kkiosk-favicon-black-e1677911898508.png\" \/>\n\t\t<meta property=\"og:image:secure_url\" content=\"https:\/\/cards.kkiosk.ch\/wp-content\/uploads\/2023\/03\/cropped-cards-kkiosk-favicon-black-e1677911898508.png\" \/>\n\t\t<meta property=\"og:image:width\" content=\"512\" \/>\n\t\t<meta property=\"og:image:height\" content=\"512\" \/>\n\t\t<meta name=\"twitter:card\" content=\"summary_large_image\" \/>\n\t\t<meta name=\"twitter:title\" content=\"Yallo Carte-cadeau num\u00e9rique, livraison instantan\u00e9e | cards.kkiosk.ch\" \/>\n\t\t<meta name=\"twitter:description\" content=\"Achetez votre Yallo en ligne pour la Suisse : code instantan\u00e9 par e-mail, paiement s\u00e9curis\u00e9, service 24h\/24 sur cards.kkiosk.ch.\" \/>\n\t\t<meta name=\"twitter:image\" content=\"https:\/\/cards.kkiosk.ch\/wp-content\/uploads\/2023\/03\/cropped-cards-kkiosk-favicon-black-e1677911898508.png\" \/>\n\t\t<script type=\"application\/ld+json\" class=\"aioseo-schema\">\n\t\t\t{\"@context\":\"https:\\\/\\\/schema.org\",\"@graph\":[{\"@type\":\"BreadcrumbList\",\"@id\":\"https:\\\/\\\/cards.kkiosk.ch\\\/fr\\\/produit\\\/yallo\\\/#breadcrumblist\",\"itemListElement\":[{\"@type\":\"ListItem\",\"@id\":\"https:\\\/\\\/cards.kkiosk.ch\\\/fr\\\/#listItem\",\"position\":1,\"name\":\"Home\",\"item\":\"https:\\\/\\\/cards.kkiosk.ch\\\/fr\\\/\",\"nextItem\":{\"@type\":\"ListItem\",\"@id\":\"https:\\\/\\\/cards.kkiosk.ch\\\/fr\\\/boutique\\\/#listItem\",\"name\":\"Nos cartes cadeaux\"}},{\"@type\":\"ListItem\",\"@id\":\"https:\\\/\\\/cards.kkiosk.ch\\\/fr\\\/boutique\\\/#listItem\",\"position\":2,\"name\":\"Nos cartes cadeaux\",\"item\":\"https:\\\/\\\/cards.kkiosk.ch\\\/fr\\\/boutique\\\/\",\"nextItem\":{\"@type\":\"ListItem\",\"@id\":\"https:\\\/\\\/cards.kkiosk.ch\\\/fr\\\/product-category\\\/telephonie\\\/#listItem\",\"name\":\"T\\u00e9l\\u00e9phonie\"},\"previousItem\":{\"@type\":\"ListItem\",\"@id\":\"https:\\\/\\\/cards.kkiosk.ch\\\/fr\\\/#listItem\",\"name\":\"Home\"}},{\"@type\":\"ListItem\",\"@id\":\"https:\\\/\\\/cards.kkiosk.ch\\\/fr\\\/product-category\\\/telephonie\\\/#listItem\",\"position\":3,\"name\":\"T\\u00e9l\\u00e9phonie\",\"item\":\"https:\\\/\\\/cards.kkiosk.ch\\\/fr\\\/product-category\\\/telephonie\\\/\",\"nextItem\":{\"@type\":\"ListItem\",\"@id\":\"https:\\\/\\\/cards.kkiosk.ch\\\/fr\\\/produit\\\/yallo\\\/#listItem\",\"name\":\"Yallo\"},\"previousItem\":{\"@type\":\"ListItem\",\"@id\":\"https:\\\/\\\/cards.kkiosk.ch\\\/fr\\\/boutique\\\/#listItem\",\"name\":\"Nos cartes cadeaux\"}},{\"@type\":\"ListItem\",\"@id\":\"https:\\\/\\\/cards.kkiosk.ch\\\/fr\\\/produit\\\/yallo\\\/#listItem\",\"position\":4,\"name\":\"Yallo\",\"previousItem\":{\"@type\":\"ListItem\",\"@id\":\"https:\\\/\\\/cards.kkiosk.ch\\\/fr\\\/product-category\\\/telephonie\\\/#listItem\",\"name\":\"T\\u00e9l\\u00e9phonie\"}}]},{\"@type\":\"Organization\",\"@id\":\"https:\\\/\\\/cards.kkiosk.ch\\\/fr\\\/#organization\",\"name\":\"Valora Schweiz AG\",\"description\":\"Boutique suisse de cartes-cadeaux et cr\\u00e9dits num\\u00e9riques : Apple, Paysafecard, Google Play, Bitcoin\\u2026 Paiement s\\u00e9curis\\u00e9, code instantan\\u00e9 par e-mail.\",\"url\":\"https:\\\/\\\/cards.kkiosk.ch\\\/fr\\\/\",\"telephone\":\"+41614672020\",\"logo\":{\"@type\":\"ImageObject\",\"url\":\"https:\\\/\\\/cards.kkiosk.ch\\\/wp-content\\\/uploads\\\/2023\\\/03\\\/cropped-cards-kkiosk-favicon-black-e1677911898508.png\",\"@id\":\"https:\\\/\\\/cards.kkiosk.ch\\\/fr\\\/produit\\\/yallo\\\/#organizationLogo\",\"width\":512,\"height\":512},\"image\":{\"@id\":\"https:\\\/\\\/cards.kkiosk.ch\\\/fr\\\/produit\\\/yallo\\\/#organizationLogo\"},\"sameAs\":[\"https:\\\/\\\/www.facebook.com\\\/kkiosk\",\"https:\\\/\\\/www.instagram.com\\\/k_kiosk\\\/\",\"https:\\\/\\\/www.pinterest.com\\\/cards0056\\\/\",\"https:\\\/\\\/www.youtube.com\\\/user\\\/my1kkiosk\"]},{\"@type\":\"Product\",\"@id\":\"https:\\\/\\\/cards.kkiosk.ch\\\/fr\\\/produit\\\/yallo\\\/#wooCommerceProduct\",\"name\":\"Yallo\",\"description\":\"Achetez votre Yallo en ligne pour la Suisse : code instantan\\u00e9 par e-mail, paiement s\\u00e9curis\\u00e9, service 24h\\\/24 sur cards.kkiosk.ch.\",\"url\":\"https:\\\/\\\/cards.kkiosk.ch\\\/fr\\\/produit\\\/yallo\\\/\",\"image\":{\"@type\":\"ImageObject\",\"url\":\"https:\\\/\\\/cards.kkiosk.ch\\\/wp-content\\\/uploads\\\/2024\\\/08\\\/yallo_Logo_zentriert.png\",\"@id\":\"https:\\\/\\\/cards.kkiosk.ch\\\/fr\\\/produit\\\/yallo\\\/#productImage\",\"width\":1934,\"height\":1094},\"offers\":{\"@type\":\"Offer\",\"url\":\"https:\\\/\\\/cards.kkiosk.ch\\\/fr\\\/produit\\\/yallo\\\/#wooCommerceOffer\",\"price\":0,\"priceCurrency\":\"CHF\",\"category\":\"T\\u00e9l\\u00e9phonie\",\"availability\":\"https:\\\/\\\/schema.org\\\/InStock\",\"seller\":{\"@type\":\"Organization\",\"@id\":\"https:\\\/\\\/cards.kkiosk.ch\\\/fr\\\/#organization\"}}},{\"@type\":\"WebPage\",\"@id\":\"https:\\\/\\\/cards.kkiosk.ch\\\/fr\\\/produit\\\/yallo\\\/#webpage\",\"url\":\"https:\\\/\\\/cards.kkiosk.ch\\\/fr\\\/produit\\\/yallo\\\/\",\"name\":\"Yallo Carte-cadeau num\\u00e9rique, livraison instantan\\u00e9e | cards.kkiosk.ch\",\"description\":\"Achetez votre Yallo en ligne pour la Suisse : code instantan\\u00e9 par e-mail, paiement s\\u00e9curis\\u00e9, service 24h\\\/24 sur cards.kkiosk.ch.\",\"inLanguage\":\"fr\",\"isPartOf\":{\"@id\":\"https:\\\/\\\/cards.kkiosk.ch\\\/fr\\\/#website\"},\"breadcrumb\":{\"@id\":\"https:\\\/\\\/cards.kkiosk.ch\\\/fr\\\/produit\\\/yallo\\\/#breadcrumblist\"},\"image\":{\"@type\":\"ImageObject\",\"url\":\"https:\\\/\\\/cards.kkiosk.ch\\\/wp-content\\\/uploads\\\/2024\\\/08\\\/yallo_Logo_zentriert.png\",\"@id\":\"https:\\\/\\\/cards.kkiosk.ch\\\/fr\\\/produit\\\/yallo\\\/#mainImage\",\"width\":1934,\"height\":1094},\"primaryImageOfPage\":{\"@id\":\"https:\\\/\\\/cards.kkiosk.ch\\\/fr\\\/produit\\\/yallo\\\/#mainImage\"},\"datePublished\":\"2023-11-23T14:42:17+01:00\",\"dateModified\":\"2024-05-03T09:13:50+02:00\"},{\"@type\":\"WebSite\",\"@id\":\"https:\\\/\\\/cards.kkiosk.ch\\\/fr\\\/#website\",\"url\":\"https:\\\/\\\/cards.kkiosk.ch\\\/fr\\\/\",\"name\":\"cards.kkiosk.ch\",\"alternateName\":\"cards\",\"description\":\"Boutique suisse de cartes-cadeaux et cr\\u00e9dits num\\u00e9riques : Apple, Paysafecard, Google Play, Bitcoin\\u2026 Paiement s\\u00e9curis\\u00e9, code instantan\\u00e9 par e-mail.\",\"inLanguage\":\"fr\",\"publisher\":{\"@id\":\"https:\\\/\\\/cards.kkiosk.ch\\\/fr\\\/#organization\"}}]}\n\t\t<\/script>\n\t\t<!-- All in One SEO Pro -->\r\n\t\t<title>Yallo Carte-cadeau num\u00e9rique, livraison instantan\u00e9e | cards.kkiosk.ch<\/title>\n\n","aioseo_head_json":{"title":"Yallo Carte-cadeau num\u00e9rique, livraison instantan\u00e9e | cards.kkiosk.ch","description":"Achetez votre Yallo en ligne pour la Suisse : code instantan\u00e9 par e-mail, paiement s\u00e9curis\u00e9, service 24h\/24 sur cards.kkiosk.ch.","canonical_url":"https:\/\/cards.kkiosk.ch\/fr\/produit\/yallo\/","robots":"max-image-preview:large","keywords":"","webmasterTools":{"google-site-verification":"rYn5PCbh0_K_BKTjpqwAZI5rFXpv5c-SV5eHdmLHhr0","msvalidate.01":"D078CE645D623BFE38BB58E6D03E005A","miscellaneous":""},"schema":{"@context":"https:\/\/schema.org","@graph":[{"@type":"BreadcrumbList","@id":"https:\/\/cards.kkiosk.ch\/fr\/produit\/yallo\/#breadcrumblist","itemListElement":[{"@type":"ListItem","@id":"https:\/\/cards.kkiosk.ch\/fr\/#listItem","position":1,"name":"Home","item":"https:\/\/cards.kkiosk.ch\/fr\/","nextItem":{"@type":"ListItem","@id":"https:\/\/cards.kkiosk.ch\/fr\/boutique\/#listItem","name":"Nos cartes cadeaux"}},{"@type":"ListItem","@id":"https:\/\/cards.kkiosk.ch\/fr\/boutique\/#listItem","position":2,"name":"Nos cartes cadeaux","item":"https:\/\/cards.kkiosk.ch\/fr\/boutique\/","nextItem":{"@type":"ListItem","@id":"https:\/\/cards.kkiosk.ch\/fr\/product-category\/telephonie\/#listItem","name":"T\u00e9l\u00e9phonie"},"previousItem":{"@type":"ListItem","@id":"https:\/\/cards.kkiosk.ch\/fr\/#listItem","name":"Home"}},{"@type":"ListItem","@id":"https:\/\/cards.kkiosk.ch\/fr\/product-category\/telephonie\/#listItem","position":3,"name":"T\u00e9l\u00e9phonie","item":"https:\/\/cards.kkiosk.ch\/fr\/product-category\/telephonie\/","nextItem":{"@type":"ListItem","@id":"https:\/\/cards.kkiosk.ch\/fr\/produit\/yallo\/#listItem","name":"Yallo"},"previousItem":{"@type":"ListItem","@id":"https:\/\/cards.kkiosk.ch\/fr\/boutique\/#listItem","name":"Nos cartes cadeaux"}},{"@type":"ListItem","@id":"https:\/\/cards.kkiosk.ch\/fr\/produit\/yallo\/#listItem","position":4,"name":"Yallo","previousItem":{"@type":"ListItem","@id":"https:\/\/cards.kkiosk.ch\/fr\/product-category\/telephonie\/#listItem","name":"T\u00e9l\u00e9phonie"}}]},{"@type":"Organization","@id":"https:\/\/cards.kkiosk.ch\/fr\/#organization","name":"Valora Schweiz AG","description":"Boutique suisse de cartes-cadeaux et cr\u00e9dits num\u00e9riques : Apple, Paysafecard, Google Play, Bitcoin\u2026 Paiement s\u00e9curis\u00e9, code instantan\u00e9 par e-mail.","url":"https:\/\/cards.kkiosk.ch\/fr\/","telephone":"+41614672020","logo":{"@type":"ImageObject","url":"https:\/\/cards.kkiosk.ch\/wp-content\/uploads\/2023\/03\/cropped-cards-kkiosk-favicon-black-e1677911898508.png","@id":"https:\/\/cards.kkiosk.ch\/fr\/produit\/yallo\/#organizationLogo","width":512,"height":512},"image":{"@id":"https:\/\/cards.kkiosk.ch\/fr\/produit\/yallo\/#organizationLogo"},"sameAs":["https:\/\/www.facebook.com\/kkiosk","https:\/\/www.instagram.com\/k_kiosk\/","https:\/\/www.pinterest.com\/cards0056\/","https:\/\/www.youtube.com\/user\/my1kkiosk"]},{"@type":"Product","@id":"https:\/\/cards.kkiosk.ch\/fr\/produit\/yallo\/#wooCommerceProduct","name":"Yallo","description":"Achetez votre Yallo en ligne pour la Suisse : code instantan\u00e9 par e-mail, paiement s\u00e9curis\u00e9, service 24h\/24 sur cards.kkiosk.ch.","url":"https:\/\/cards.kkiosk.ch\/fr\/produit\/yallo\/","image":{"@type":"ImageObject","url":"https:\/\/cards.kkiosk.ch\/wp-content\/uploads\/2024\/08\/yallo_Logo_zentriert.png","@id":"https:\/\/cards.kkiosk.ch\/fr\/produit\/yallo\/#productImage","width":1934,"height":1094},"offers":{"@type":"Offer","url":"https:\/\/cards.kkiosk.ch\/fr\/produit\/yallo\/#wooCommerceOffer","price":0,"priceCurrency":"CHF","category":"T\u00e9l\u00e9phonie","availability":"https:\/\/schema.org\/InStock","seller":{"@type":"Organization","@id":"https:\/\/cards.kkiosk.ch\/fr\/#organization"}}},{"@type":"WebPage","@id":"https:\/\/cards.kkiosk.ch\/fr\/produit\/yallo\/#webpage","url":"https:\/\/cards.kkiosk.ch\/fr\/produit\/yallo\/","name":"Yallo Carte-cadeau num\u00e9rique, livraison instantan\u00e9e | cards.kkiosk.ch","description":"Achetez votre Yallo en ligne pour la Suisse : code instantan\u00e9 par e-mail, paiement s\u00e9curis\u00e9, service 24h\/24 sur cards.kkiosk.ch.","inLanguage":"fr","isPartOf":{"@id":"https:\/\/cards.kkiosk.ch\/fr\/#website"},"breadcrumb":{"@id":"https:\/\/cards.kkiosk.ch\/fr\/produit\/yallo\/#breadcrumblist"},"image":{"@type":"ImageObject","url":"https:\/\/cards.kkiosk.ch\/wp-content\/uploads\/2024\/08\/yallo_Logo_zentriert.png","@id":"https:\/\/cards.kkiosk.ch\/fr\/produit\/yallo\/#mainImage","width":1934,"height":1094},"primaryImageOfPage":{"@id":"https:\/\/cards.kkiosk.ch\/fr\/produit\/yallo\/#mainImage"},"datePublished":"2023-11-23T14:42:17+01:00","dateModified":"2024-05-03T09:13:50+02:00"},{"@type":"WebSite","@id":"https:\/\/cards.kkiosk.ch\/fr\/#website","url":"https:\/\/cards.kkiosk.ch\/fr\/","name":"cards.kkiosk.ch","alternateName":"cards","description":"Boutique suisse de cartes-cadeaux et cr\u00e9dits num\u00e9riques : Apple, Paysafecard, Google Play, Bitcoin\u2026 Paiement s\u00e9curis\u00e9, code instantan\u00e9 par e-mail.","inLanguage":"fr","publisher":{"@id":"https:\/\/cards.kkiosk.ch\/fr\/#organization"}}]},"og:locale":"fr_FR","og:site_name":"Carte-cadeau num\u00e9rique, livraison instantan\u00e9e | cards.kkiosk.ch \u2192 Boutique suisse de cartes-cadeaux et cr\u00e9dits num\u00e9riques : Apple, Paysafecard, Google Play, Bitcoin\u2026 Paiement s\u00e9curis\u00e9, code instantan\u00e9 par e-mail.","og:type":"product","og:title":"Yallo Carte-cadeau num\u00e9rique, livraison instantan\u00e9e | cards.kkiosk.ch","og:description":"Achetez votre Yallo en ligne pour la Suisse : code instantan\u00e9 par e-mail, paiement s\u00e9curis\u00e9, service 24h\/24 sur cards.kkiosk.ch.","og:url":"https:\/\/cards.kkiosk.ch\/fr\/produit\/yallo\/","og:image":"https:\/\/cards.kkiosk.ch\/wp-content\/uploads\/2023\/03\/cropped-cards-kkiosk-favicon-black-e1677911898508.png","og:image:secure_url":"https:\/\/cards.kkiosk.ch\/wp-content\/uploads\/2023\/03\/cropped-cards-kkiosk-favicon-black-e1677911898508.png","og:image:width":512,"og:image:height":512,"twitter:card":"summary_large_image","twitter:title":"Yallo Carte-cadeau num\u00e9rique, livraison instantan\u00e9e | cards.kkiosk.ch","twitter:description":"Achetez votre Yallo en ligne pour la Suisse : code instantan\u00e9 par e-mail, paiement s\u00e9curis\u00e9, service 24h\/24 sur cards.kkiosk.ch.","twitter:image":"https:\/\/cards.kkiosk.ch\/wp-content\/uploads\/2023\/03\/cropped-cards-kkiosk-favicon-black-e1677911898508.png"},"aioseo_meta_data":{"post_id":"66530","title":null,"description":null,"keywords":[],"keyphrases":{"focus":{"keyphrase":"","score":0,"analysis":{"keyphraseInTitle":{"score":0,"maxScore":9,"error":1}}},"additional":[]},"primary_term":null,"canonical_url":null,"og_title":null,"og_description":null,"og_object_type":"default","og_image_type":"default","og_image_url":null,"og_image_width":null,"og_image_height":null,"og_image_custom_url":null,"og_image_custom_fields":null,"og_video":"","og_custom_url":null,"og_article_section":null,"og_article_tags":[],"twitter_use_og":false,"twitter_card":"default","twitter_image_type":"default","twitter_image_url":null,"twitter_image_custom_url":null,"twitter_image_custom_fields":null,"twitter_title":null,"twitter_description":null,"schema":{"blockGraphs":[],"customGraphs":[],"default":{"data":{"Article":[],"Course":[],"Dataset":[],"FAQPage":[],"Movie":[],"Person":[],"Product":[],"ProductReview":[],"Car":[],"Recipe":[],"Service":[],"SoftwareApplication":[],"WebPage":[]},"graphName":"Product","isEnabled":true},"graphs":[]},"schema_type":"default","schema_type_options":null,"pillar_content":false,"robots_default":true,"robots_noindex":false,"robots_noarchive":false,"robots_nosnippet":false,"robots_nofollow":false,"robots_noimageindex":false,"robots_noodp":false,"robots_notranslate":false,"robots_max_snippet":"-1","robots_max_videopreview":"-1","robots_max_imagepreview":"large","priority":null,"frequency":"default","local_seo":null,"seo_analyzer_scan_date":null,"breadcrumb_settings":null,"limit_modified_date":false,"open_ai":"{\"title\":{\"suggestions\":[],\"usage\":0},\"description\":{\"suggestions\":[],\"usage\":0}}","ai":null,"created":"2024-03-27 14:30:00","updated":"2025-06-13 08:09:28"},"aioseo_breadcrumb":"<div class=\"aioseo-breadcrumbs\"><span class=\"aioseo-breadcrumb\">\n\t<a href=\"https:\/\/cards.kkiosk.ch\/fr\/\" title=\"Home\">Home<\/a>\n<\/span><span class=\"aioseo-breadcrumb-separator\">\u2192<\/span><span class=\"aioseo-breadcrumb\">\n\t<a href=\"https:\/\/cards.kkiosk.ch\/fr\/boutique\/\" title=\"Nos cartes cadeaux\">Nos cartes cadeaux<\/a>\n<\/span><span class=\"aioseo-breadcrumb-separator\">\u2192<\/span><span class=\"aioseo-breadcrumb\">\n\t<a href=\"https:\/\/cards.kkiosk.ch\/fr\/product-category\/telephonie\/\" title=\"T\u00e9l\u00e9phonie\">T\u00e9l\u00e9phonie<\/a>\n<\/span><span class=\"aioseo-breadcrumb-separator\">\u2192<\/span><span class=\"aioseo-breadcrumb\">\n\t<a href=\"https:\/\/cards.kkiosk.ch\/fr\/produit\/yallo\/\" title=\"Yallo\">Yallo<\/a>\n<\/span><\/div>","aioseo_breadcrumb_json":[{"label":"Home","link":"https:\/\/cards.kkiosk.ch\/fr\/"},{"label":"Nos cartes cadeaux","link":"https:\/\/cards.kkiosk.ch\/fr\/boutique\/"},{"label":"T\u00e9l\u00e9phonie","link":"https:\/\/cards.kkiosk.ch\/fr\/product-category\/telephonie\/"},{"label":"Yallo","link":"https:\/\/cards.kkiosk.ch\/fr\/produit\/yallo\/"}],"_links":{"self":[{"href":"https:\/\/cards.kkiosk.ch\/fr\/wp-json\/wp\/v2\/product\/66530","targetHints":{"allow":["GET"]}}],"collection":[{"href":"https:\/\/cards.kkiosk.ch\/fr\/wp-json\/wp\/v2\/product"}],"about":[{"href":"https:\/\/cards.kkiosk.ch\/fr\/wp-json\/wp\/v2\/types\/product"}],"wp:featuredmedia":[{"embeddable":true,"href":"https:\/\/cards.kkiosk.ch\/fr\/wp-json\/wp\/v2\/media\/113474"}],"wp:attachment":[{"href":"https:\/\/cards.kkiosk.ch\/fr\/wp-json\/wp\/v2\/media?parent=66530"}],"wp:term":[{"taxonomy":"product_brand","embeddable":true,"href":"https:\/\/cards.kkiosk.ch\/fr\/wp-json\/wp\/v2\/product_brand?post=66530"},{"taxonomy":"product_cat","embeddable":true,"href":"https:\/\/cards.kkiosk.ch\/fr\/wp-json\/wp\/v2\/product_cat?post=66530"},{"taxonomy":"product_tag","embeddable":true,"href":"https:\/\/cards.kkiosk.ch\/fr\/wp-json\/wp\/v2\/product_tag?post=66530"}],"curies":[{"name":"wp","href":"https:\/\/api.w.org\/{rel}","templated":true}]}}