{"id":3357,"date":"2023-01-26T09:12:39","date_gmt":"2023-01-26T07:12:39","guid":{"rendered":"https:\/\/wp-test.ssp.smarts.hr\/produkt\/ca-2\/"},"modified":"2023-03-29T15:46:22","modified_gmt":"2023-03-29T14:46:22","slug":"ca","status":"publish","type":"product","link":"https:\/\/cards.kkiosk.ch\/fr\/produit\/ca\/","title":{"rendered":"C&amp;A"},"content":{"rendered":"","protected":false},"excerpt":{"rendered":"<p>Ach\u00e8te des bons d&#8217;achat C&amp;A pour toi ou pour offrir. D\u00e9couvre les derni\u00e8res collections chez C&amp;A et accueille la nouvelle saison avec style.<\/p>\n","protected":false},"featured_media":2945,"template":"","meta":{"_acf_changed":false},"product_brand":[],"product_cat":[86,98],"product_tag":[113],"class_list":{"0":"post-3357","1":"product","2":"type-product","3":"status-publish","4":"has-post-thumbnail","6":"product_cat-mode","7":"product_cat-achats","8":"product_tag-carte-cadeau-a-retirer-au-k-kiosk","10":"first","11":"instock","12":"featured","13":"sold-individually","14":"shipping-taxable","15":"purchasable","16":"product-type-wgm_gift_card"},"acf":[],"aioseo_notices":[],"aioseo_head":"\n\t\t<!-- All in One SEO Pro 4.9.6.2 - aioseo.com -->\n\t<meta name=\"description\" content=\"Achetez votre C&amp;A en ligne pour la Suisse : code instantan\u00e9 par e-mail, paiement s\u00e9curis\u00e9, service 24h\/24 sur cards.kkiosk.ch.\" \/>\n\t<meta name=\"robots\" content=\"max-image-preview:large\" \/>\n\t<meta name=\"google-site-verification\" content=\"rYn5PCbh0_K_BKTjpqwAZI5rFXpv5c-SV5eHdmLHhr0\" \/>\n\t<meta name=\"msvalidate.01\" content=\"D078CE645D623BFE38BB58E6D03E005A\" \/>\n\t<link rel=\"canonical\" href=\"https:\/\/cards.kkiosk.ch\/fr\/produit\/ca\/\" \/>\n\t<meta name=\"generator\" content=\"All in One SEO Pro (AIOSEO) 4.9.6.2\" \/>\n\t\t<meta property=\"og:locale\" content=\"fr_FR\" \/>\n\t\t<meta property=\"og:site_name\" content=\"Carte-cadeau num\u00e9rique, livraison instantan\u00e9e | cards.kkiosk.ch \u2192 Boutique suisse de cartes-cadeaux et cr\u00e9dits num\u00e9riques : Apple, Paysafecard, Google Play, Bitcoin\u2026 Paiement s\u00e9curis\u00e9, code instantan\u00e9 par e-mail.\" \/>\n\t\t<meta property=\"og:type\" content=\"product\" \/>\n\t\t<meta property=\"og:title\" content=\"C&amp;A Carte-cadeau num\u00e9rique, livraison instantan\u00e9e | cards.kkiosk.ch\" \/>\n\t\t<meta property=\"og:description\" content=\"Achetez votre C&amp;A en ligne pour la Suisse : code instantan\u00e9 par e-mail, paiement s\u00e9curis\u00e9, service 24h\/24 sur cards.kkiosk.ch.\" \/>\n\t\t<meta property=\"og:url\" content=\"https:\/\/cards.kkiosk.ch\/fr\/produit\/ca\/\" \/>\n\t\t<meta property=\"og:image\" content=\"https:\/\/cards.kkiosk.ch\/wp-content\/uploads\/2023\/03\/cropped-cards-kkiosk-favicon-black-e1677911898508.png\" \/>\n\t\t<meta property=\"og:image:secure_url\" content=\"https:\/\/cards.kkiosk.ch\/wp-content\/uploads\/2023\/03\/cropped-cards-kkiosk-favicon-black-e1677911898508.png\" \/>\n\t\t<meta property=\"og:image:width\" content=\"512\" \/>\n\t\t<meta property=\"og:image:height\" content=\"512\" \/>\n\t\t<meta name=\"twitter:card\" content=\"summary_large_image\" \/>\n\t\t<meta name=\"twitter:title\" content=\"C&amp;A Carte-cadeau num\u00e9rique, livraison instantan\u00e9e | cards.kkiosk.ch\" \/>\n\t\t<meta name=\"twitter:description\" content=\"Achetez votre C&amp;A en ligne pour la Suisse : code instantan\u00e9 par e-mail, paiement s\u00e9curis\u00e9, service 24h\/24 sur cards.kkiosk.ch.\" \/>\n\t\t<meta name=\"twitter:image\" content=\"https:\/\/cards.kkiosk.ch\/wp-content\/uploads\/2023\/03\/cropped-cards-kkiosk-favicon-black-e1677911898508.png\" \/>\n\t\t<script type=\"application\/ld+json\" class=\"aioseo-schema\">\n\t\t\t{\"@context\":\"https:\\\/\\\/schema.org\",\"@graph\":[{\"@type\":\"BreadcrumbList\",\"@id\":\"https:\\\/\\\/cards.kkiosk.ch\\\/fr\\\/produit\\\/ca\\\/#breadcrumblist\",\"itemListElement\":[{\"@type\":\"ListItem\",\"@id\":\"https:\\\/\\\/cards.kkiosk.ch\\\/fr\\\/#listItem\",\"position\":1,\"name\":\"Home\",\"item\":\"https:\\\/\\\/cards.kkiosk.ch\\\/fr\\\/\",\"nextItem\":{\"@type\":\"ListItem\",\"@id\":\"https:\\\/\\\/cards.kkiosk.ch\\\/fr\\\/boutique\\\/#listItem\",\"name\":\"Nos cartes cadeaux\"}},{\"@type\":\"ListItem\",\"@id\":\"https:\\\/\\\/cards.kkiosk.ch\\\/fr\\\/boutique\\\/#listItem\",\"position\":2,\"name\":\"Nos cartes cadeaux\",\"item\":\"https:\\\/\\\/cards.kkiosk.ch\\\/fr\\\/boutique\\\/\",\"nextItem\":{\"@type\":\"ListItem\",\"@id\":\"https:\\\/\\\/cards.kkiosk.ch\\\/fr\\\/product-category\\\/mode\\\/#listItem\",\"name\":\"Mode\"},\"previousItem\":{\"@type\":\"ListItem\",\"@id\":\"https:\\\/\\\/cards.kkiosk.ch\\\/fr\\\/#listItem\",\"name\":\"Home\"}},{\"@type\":\"ListItem\",\"@id\":\"https:\\\/\\\/cards.kkiosk.ch\\\/fr\\\/product-category\\\/mode\\\/#listItem\",\"position\":3,\"name\":\"Mode\",\"item\":\"https:\\\/\\\/cards.kkiosk.ch\\\/fr\\\/product-category\\\/mode\\\/\",\"nextItem\":{\"@type\":\"ListItem\",\"@id\":\"https:\\\/\\\/cards.kkiosk.ch\\\/fr\\\/produit\\\/ca\\\/#listItem\",\"name\":\"C&amp;A\"},\"previousItem\":{\"@type\":\"ListItem\",\"@id\":\"https:\\\/\\\/cards.kkiosk.ch\\\/fr\\\/boutique\\\/#listItem\",\"name\":\"Nos cartes cadeaux\"}},{\"@type\":\"ListItem\",\"@id\":\"https:\\\/\\\/cards.kkiosk.ch\\\/fr\\\/produit\\\/ca\\\/#listItem\",\"position\":4,\"name\":\"C&amp;A\",\"previousItem\":{\"@type\":\"ListItem\",\"@id\":\"https:\\\/\\\/cards.kkiosk.ch\\\/fr\\\/product-category\\\/mode\\\/#listItem\",\"name\":\"Mode\"}}]},{\"@type\":\"Organization\",\"@id\":\"https:\\\/\\\/cards.kkiosk.ch\\\/fr\\\/#organization\",\"name\":\"Valora Schweiz AG\",\"description\":\"Boutique suisse de cartes-cadeaux et cr\\u00e9dits num\\u00e9riques : Apple, Paysafecard, Google Play, Bitcoin\\u2026 Paiement s\\u00e9curis\\u00e9, code instantan\\u00e9 par e-mail.\",\"url\":\"https:\\\/\\\/cards.kkiosk.ch\\\/fr\\\/\",\"telephone\":\"+41614672020\",\"logo\":{\"@type\":\"ImageObject\",\"url\":\"https:\\\/\\\/cards.kkiosk.ch\\\/wp-content\\\/uploads\\\/2023\\\/03\\\/cropped-cards-kkiosk-favicon-black-e1677911898508.png\",\"@id\":\"https:\\\/\\\/cards.kkiosk.ch\\\/fr\\\/produit\\\/ca\\\/#organizationLogo\",\"width\":512,\"height\":512},\"image\":{\"@id\":\"https:\\\/\\\/cards.kkiosk.ch\\\/fr\\\/produit\\\/ca\\\/#organizationLogo\"},\"sameAs\":[\"https:\\\/\\\/www.facebook.com\\\/kkiosk\",\"https:\\\/\\\/www.instagram.com\\\/k_kiosk\\\/\",\"https:\\\/\\\/www.pinterest.com\\\/cards0056\\\/\",\"https:\\\/\\\/www.youtube.com\\\/user\\\/my1kkiosk\"]},{\"@type\":\"Product\",\"@id\":\"https:\\\/\\\/cards.kkiosk.ch\\\/fr\\\/produit\\\/ca\\\/#aioseo-product-lfbgg14b88686d1g22\",\"name\":\"Carte cadeau C&A\",\"description\":\"Achetez votre C&A en ligne pour la Suisse : code instantan\\u00e9 par e-mail, paiement s\\u00e9curis\\u00e9, service 24h\\\/24 sur cards.kkiosk.ch.\",\"url\":\"https:\\\/\\\/cards.kkiosk.ch\\\/fr\\\/produit\\\/ca\\\/\",\"brand\":{\"@type\":\"Brand\",\"name\":\"C&A\"},\"image\":{\"@type\":\"ImageObject\",\"url\":\"https:\\\/\\\/cards.kkiosk.ch\\\/wp-content\\\/uploads\\\/2023\\\/01\\\/51215-4062327000138.png\",\"width\":719,\"height\":1000,\"caption\":\"C&A physical gift card Geschenkkarte carte-cadeau carta regalo sold at https:\\\/\\\/cards.kkiosk.ch\"},\"aggregateRating\":{\"@type\":\"AggregateRating\",\"url\":\"https:\\\/\\\/cards.kkiosk.ch\\\/fr\\\/produit\\\/ca\\\/#aggregateRating\",\"ratingValue\":5,\"worstRating\":1,\"bestRating\":5,\"reviewCount\":2},\"review\":[{\"@type\":\"Review\",\"headline\":\"Great shop! Received my code in seconds!\",\"reviewBody\":\"I ordered C&A on this site for the first time. I received my code in seconds!\\n\\nGreat experience!\",\"reviewRating\":{\"@type\":\"Rating\",\"ratingValue\":5,\"worstRating\":1,\"bestRating\":5},\"author\":{\"@type\":\"Person\",\"name\":\"Roger Mueller\"}},{\"@type\":\"Review\",\"headline\":\"Ritirata al kkiosk\",\"reviewBody\":\"Ho ordinato la carta per ritirarla al chiosco. Ho trovato il negozio piu vicino usando il link ricevuto nella mail di conferma.\\nSono andato nel negozio piu vicino e la commessa \\u00e8 stato molto cordiale e mi ha dato la carta subito!\",\"reviewRating\":{\"@type\":\"Rating\",\"ratingValue\":5,\"worstRating\":1,\"bestRating\":5},\"author\":{\"@type\":\"Person\",\"name\":\"Martina Delco\"}}],\"offers\":{\"@type\":\"Offer\",\"price\":0,\"priceCurrency\":\"CHF\",\"availability\":\"https:\\\/\\\/schema.org\\\/InStock\",\"seller\":{\"@type\":\"Organization\",\"@id\":\"https:\\\/\\\/cards.kkiosk.ch\\\/fr\\\/#organization\"}}},{\"@type\":\"WebPage\",\"@id\":\"https:\\\/\\\/cards.kkiosk.ch\\\/fr\\\/produit\\\/ca\\\/#webpage\",\"url\":\"https:\\\/\\\/cards.kkiosk.ch\\\/fr\\\/produit\\\/ca\\\/\",\"name\":\"C&A Carte-cadeau num\\u00e9rique, livraison instantan\\u00e9e | cards.kkiosk.ch\",\"description\":\"Achetez votre C&A en ligne pour la Suisse : code instantan\\u00e9 par e-mail, paiement s\\u00e9curis\\u00e9, service 24h\\\/24 sur cards.kkiosk.ch.\",\"inLanguage\":\"fr\",\"isPartOf\":{\"@id\":\"https:\\\/\\\/cards.kkiosk.ch\\\/fr\\\/#website\"},\"breadcrumb\":{\"@id\":\"https:\\\/\\\/cards.kkiosk.ch\\\/fr\\\/produit\\\/ca\\\/#breadcrumblist\"},\"image\":{\"@type\":\"ImageObject\",\"url\":\"https:\\\/\\\/cards.kkiosk.ch\\\/wp-content\\\/uploads\\\/2023\\\/01\\\/51215-4062327000138.png\",\"@id\":\"https:\\\/\\\/cards.kkiosk.ch\\\/fr\\\/produit\\\/ca\\\/#mainImage\",\"width\":719,\"height\":1000,\"caption\":\"C&A physical gift card Geschenkkarte carte-cadeau carta regalo sold at https:\\\/\\\/cards.kkiosk.ch\"},\"primaryImageOfPage\":{\"@id\":\"https:\\\/\\\/cards.kkiosk.ch\\\/fr\\\/produit\\\/ca\\\/#mainImage\"},\"datePublished\":\"2023-01-26T09:12:39+01:00\",\"dateModified\":\"2023-03-29T15:46:22+02:00\"},{\"@type\":\"WebSite\",\"@id\":\"https:\\\/\\\/cards.kkiosk.ch\\\/fr\\\/#website\",\"url\":\"https:\\\/\\\/cards.kkiosk.ch\\\/fr\\\/\",\"name\":\"cards.kkiosk.ch\",\"alternateName\":\"cards\",\"description\":\"Boutique suisse de cartes-cadeaux et cr\\u00e9dits num\\u00e9riques : Apple, Paysafecard, Google Play, Bitcoin\\u2026 Paiement s\\u00e9curis\\u00e9, code instantan\\u00e9 par e-mail.\",\"inLanguage\":\"fr\",\"publisher\":{\"@id\":\"https:\\\/\\\/cards.kkiosk.ch\\\/fr\\\/#organization\"}}]}\n\t\t<\/script>\n\t\t<!-- All in One SEO Pro -->\r\n\t\t<title>C&amp;A Carte-cadeau num\u00e9rique, livraison instantan\u00e9e | cards.kkiosk.ch<\/title>\n\n","aioseo_head_json":{"title":"C&A Carte-cadeau num\u00e9rique, livraison instantan\u00e9e | cards.kkiosk.ch","description":"Achetez votre C&A en ligne pour la Suisse : code instantan\u00e9 par e-mail, paiement s\u00e9curis\u00e9, service 24h\/24 sur cards.kkiosk.ch.","canonical_url":"https:\/\/cards.kkiosk.ch\/fr\/produit\/ca\/","robots":"max-image-preview:large","keywords":"","webmasterTools":{"google-site-verification":"rYn5PCbh0_K_BKTjpqwAZI5rFXpv5c-SV5eHdmLHhr0","msvalidate.01":"D078CE645D623BFE38BB58E6D03E005A","miscellaneous":""},"schema":{"@context":"https:\/\/schema.org","@graph":[{"@type":"BreadcrumbList","@id":"https:\/\/cards.kkiosk.ch\/fr\/produit\/ca\/#breadcrumblist","itemListElement":[{"@type":"ListItem","@id":"https:\/\/cards.kkiosk.ch\/fr\/#listItem","position":1,"name":"Home","item":"https:\/\/cards.kkiosk.ch\/fr\/","nextItem":{"@type":"ListItem","@id":"https:\/\/cards.kkiosk.ch\/fr\/boutique\/#listItem","name":"Nos cartes cadeaux"}},{"@type":"ListItem","@id":"https:\/\/cards.kkiosk.ch\/fr\/boutique\/#listItem","position":2,"name":"Nos cartes cadeaux","item":"https:\/\/cards.kkiosk.ch\/fr\/boutique\/","nextItem":{"@type":"ListItem","@id":"https:\/\/cards.kkiosk.ch\/fr\/product-category\/mode\/#listItem","name":"Mode"},"previousItem":{"@type":"ListItem","@id":"https:\/\/cards.kkiosk.ch\/fr\/#listItem","name":"Home"}},{"@type":"ListItem","@id":"https:\/\/cards.kkiosk.ch\/fr\/product-category\/mode\/#listItem","position":3,"name":"Mode","item":"https:\/\/cards.kkiosk.ch\/fr\/product-category\/mode\/","nextItem":{"@type":"ListItem","@id":"https:\/\/cards.kkiosk.ch\/fr\/produit\/ca\/#listItem","name":"C&amp;A"},"previousItem":{"@type":"ListItem","@id":"https:\/\/cards.kkiosk.ch\/fr\/boutique\/#listItem","name":"Nos cartes cadeaux"}},{"@type":"ListItem","@id":"https:\/\/cards.kkiosk.ch\/fr\/produit\/ca\/#listItem","position":4,"name":"C&amp;A","previousItem":{"@type":"ListItem","@id":"https:\/\/cards.kkiosk.ch\/fr\/product-category\/mode\/#listItem","name":"Mode"}}]},{"@type":"Organization","@id":"https:\/\/cards.kkiosk.ch\/fr\/#organization","name":"Valora Schweiz AG","description":"Boutique suisse de cartes-cadeaux et cr\u00e9dits num\u00e9riques : Apple, Paysafecard, Google Play, Bitcoin\u2026 Paiement s\u00e9curis\u00e9, code instantan\u00e9 par e-mail.","url":"https:\/\/cards.kkiosk.ch\/fr\/","telephone":"+41614672020","logo":{"@type":"ImageObject","url":"https:\/\/cards.kkiosk.ch\/wp-content\/uploads\/2023\/03\/cropped-cards-kkiosk-favicon-black-e1677911898508.png","@id":"https:\/\/cards.kkiosk.ch\/fr\/produit\/ca\/#organizationLogo","width":512,"height":512},"image":{"@id":"https:\/\/cards.kkiosk.ch\/fr\/produit\/ca\/#organizationLogo"},"sameAs":["https:\/\/www.facebook.com\/kkiosk","https:\/\/www.instagram.com\/k_kiosk\/","https:\/\/www.pinterest.com\/cards0056\/","https:\/\/www.youtube.com\/user\/my1kkiosk"]},{"@type":"Product","@id":"https:\/\/cards.kkiosk.ch\/fr\/produit\/ca\/#aioseo-product-lfbgg14b88686d1g22","name":"Carte cadeau C&A","description":"Achetez votre C&A en ligne pour la Suisse : code instantan\u00e9 par e-mail, paiement s\u00e9curis\u00e9, service 24h\/24 sur cards.kkiosk.ch.","url":"https:\/\/cards.kkiosk.ch\/fr\/produit\/ca\/","brand":{"@type":"Brand","name":"C&A"},"image":{"@type":"ImageObject","url":"https:\/\/cards.kkiosk.ch\/wp-content\/uploads\/2023\/01\/51215-4062327000138.png","width":719,"height":1000,"caption":"C&A physical gift card Geschenkkarte carte-cadeau carta regalo sold at https:\/\/cards.kkiosk.ch"},"aggregateRating":{"@type":"AggregateRating","url":"https:\/\/cards.kkiosk.ch\/fr\/produit\/ca\/#aggregateRating","ratingValue":5,"worstRating":1,"bestRating":5,"reviewCount":2},"review":[{"@type":"Review","headline":"Great shop! Received my code in seconds!","reviewBody":"I ordered C&A on this site for the first time. I received my code in seconds!\n\nGreat experience!","reviewRating":{"@type":"Rating","ratingValue":5,"worstRating":1,"bestRating":5},"author":{"@type":"Person","name":"Roger Mueller"}},{"@type":"Review","headline":"Ritirata al kkiosk","reviewBody":"Ho ordinato la carta per ritirarla al chiosco. Ho trovato il negozio piu vicino usando il link ricevuto nella mail di conferma.\nSono andato nel negozio piu vicino e la commessa \u00e8 stato molto cordiale e mi ha dato la carta subito!","reviewRating":{"@type":"Rating","ratingValue":5,"worstRating":1,"bestRating":5},"author":{"@type":"Person","name":"Martina Delco"}}],"offers":{"@type":"Offer","price":0,"priceCurrency":"CHF","availability":"https:\/\/schema.org\/InStock","seller":{"@type":"Organization","@id":"https:\/\/cards.kkiosk.ch\/fr\/#organization"}}},{"@type":"WebPage","@id":"https:\/\/cards.kkiosk.ch\/fr\/produit\/ca\/#webpage","url":"https:\/\/cards.kkiosk.ch\/fr\/produit\/ca\/","name":"C&A Carte-cadeau num\u00e9rique, livraison instantan\u00e9e | cards.kkiosk.ch","description":"Achetez votre C&A en ligne pour la Suisse : code instantan\u00e9 par e-mail, paiement s\u00e9curis\u00e9, service 24h\/24 sur cards.kkiosk.ch.","inLanguage":"fr","isPartOf":{"@id":"https:\/\/cards.kkiosk.ch\/fr\/#website"},"breadcrumb":{"@id":"https:\/\/cards.kkiosk.ch\/fr\/produit\/ca\/#breadcrumblist"},"image":{"@type":"ImageObject","url":"https:\/\/cards.kkiosk.ch\/wp-content\/uploads\/2023\/01\/51215-4062327000138.png","@id":"https:\/\/cards.kkiosk.ch\/fr\/produit\/ca\/#mainImage","width":719,"height":1000,"caption":"C&A physical gift card Geschenkkarte carte-cadeau carta regalo sold at https:\/\/cards.kkiosk.ch"},"primaryImageOfPage":{"@id":"https:\/\/cards.kkiosk.ch\/fr\/produit\/ca\/#mainImage"},"datePublished":"2023-01-26T09:12:39+01:00","dateModified":"2023-03-29T15:46:22+02:00"},{"@type":"WebSite","@id":"https:\/\/cards.kkiosk.ch\/fr\/#website","url":"https:\/\/cards.kkiosk.ch\/fr\/","name":"cards.kkiosk.ch","alternateName":"cards","description":"Boutique suisse de cartes-cadeaux et cr\u00e9dits num\u00e9riques : Apple, Paysafecard, Google Play, Bitcoin\u2026 Paiement s\u00e9curis\u00e9, code instantan\u00e9 par e-mail.","inLanguage":"fr","publisher":{"@id":"https:\/\/cards.kkiosk.ch\/fr\/#organization"}}]},"og:locale":"fr_FR","og:site_name":"Carte-cadeau num\u00e9rique, livraison instantan\u00e9e | cards.kkiosk.ch \u2192 Boutique suisse de cartes-cadeaux et cr\u00e9dits num\u00e9riques : Apple, Paysafecard, Google Play, Bitcoin\u2026 Paiement s\u00e9curis\u00e9, code instantan\u00e9 par e-mail.","og:type":"product","og:title":"C&amp;A Carte-cadeau num\u00e9rique, livraison instantan\u00e9e | cards.kkiosk.ch","og:description":"Achetez votre C&amp;A en ligne pour la Suisse : code instantan\u00e9 par e-mail, paiement s\u00e9curis\u00e9, service 24h\/24 sur cards.kkiosk.ch.","og:url":"https:\/\/cards.kkiosk.ch\/fr\/produit\/ca\/","og:image":"https:\/\/cards.kkiosk.ch\/wp-content\/uploads\/2023\/03\/cropped-cards-kkiosk-favicon-black-e1677911898508.png","og:image:secure_url":"https:\/\/cards.kkiosk.ch\/wp-content\/uploads\/2023\/03\/cropped-cards-kkiosk-favicon-black-e1677911898508.png","og:image:width":512,"og:image:height":512,"twitter:card":"summary_large_image","twitter:title":"C&amp;A Carte-cadeau num\u00e9rique, livraison instantan\u00e9e | cards.kkiosk.ch","twitter:description":"Achetez votre C&amp;A en ligne pour la Suisse : code instantan\u00e9 par e-mail, paiement s\u00e9curis\u00e9, service 24h\/24 sur cards.kkiosk.ch.","twitter:image":"https:\/\/cards.kkiosk.ch\/wp-content\/uploads\/2023\/03\/cropped-cards-kkiosk-favicon-black-e1677911898508.png"},"aioseo_meta_data":{"post_id":"3357","title":null,"description":null,"keywords":[],"keyphrases":{"focus":{"keyphrase":"","score":0,"analysis":{"keyphraseInTitle":{"score":0,"maxScore":9,"error":1}}},"additional":[]},"primary_term":null,"canonical_url":null,"og_title":null,"og_description":null,"og_object_type":"default","og_image_type":"default","og_image_url":null,"og_image_width":null,"og_image_height":null,"og_image_custom_url":null,"og_image_custom_fields":null,"og_video":"","og_custom_url":null,"og_article_section":null,"og_article_tags":[],"twitter_use_og":false,"twitter_card":"default","twitter_image_type":"default","twitter_image_url":null,"twitter_image_custom_url":null,"twitter_image_custom_fields":null,"twitter_title":null,"twitter_description":null,"schema":{"blockGraphs":[],"customGraphs":[],"default":{"data":{"Article":[],"Course":[],"Dataset":[],"FAQPage":[],"Movie":[],"Person":[],"Product":{"id":"#aioseo-product-lfbfdox6","slug":"product","graphName":"Product","label":"Product","properties":{"autogenerate":true,"name":"#custom_field-wps_wgm_product_name","description":"#post_excerpt","brand":"C&A","image":"","identifiers":{"sku":"","gtin":"","mpn":"","isbn":""},"offer":{"price":"","currency":"","availability":"","validUntil":""},"attributes":{"material":"","color":"","pattern":"","size":"","energyRating":""},"audience":{"gender":"Unisex","minimumAge":"","maximumAge":""},"rating":{"minimum":1,"maximum":5},"reviews":[{"rating":"","headline":"","content":"","author":""}],"shippingDestinations":[{"type":"country","country":"","postalCodes":[],"states":[],"rate":0,"handlingTime":"","deliveryTime":""}]}},"ProductReview":[],"Car":[],"Recipe":[],"Service":[],"SoftwareApplication":[],"WebPage":[]},"graphName":"Product","isEnabled":false},"graphs":[{"id":"#aioseo-product-lfbgg14b88686d1g22","slug":"product","graphName":"Product","label":"Product - Product_custom","properties":{"autogenerate":false,"name":"#custom_field-wps_wgm_product_name","description":"#post_excerpt","brand":"C&A","image":"","identifiers":{"sku":"","gtin":"","mpn":"","isbn":""},"offer":{"price":"","currency":"CHF","availability":"https:\/\/schema.org\/InStock","validUntil":""},"attributes":{"material":"","color":"","pattern":"","size":"","energyRating":""},"audience":{"gender":"Unisex","minimumAge":"","maximumAge":""},"rating":{"minimum":1,"maximum":5},"reviews":[{"rating":"5","headline":"Great shop! Received my code in seconds!","content":"I ordered C&A on this site for the first time. I received my code in seconds!\n\nGreat experience!","author":"Roger Mueller"},{"rating":"5","headline":"Ritirata al kkiosk","content":"Ho ordinato la carta per ritirarla al chiosco. Ho trovato il negozio piu vicino usando il link ricevuto nella mail di conferma.\nSono andato nel negozio piu vicino e la commessa \u00e8 stato molto cordiale e mi ha dato la carta subito!","author":"Martina Delco"}],"shippingDestinations":[{"type":"country","country":"","postalCodes":[],"states":[],"rate":0,"handlingTime":"","deliveryTime":""}]}}]},"schema_type":"default","schema_type_options":null,"pillar_content":false,"robots_default":true,"robots_noindex":false,"robots_noarchive":false,"robots_nosnippet":false,"robots_nofollow":false,"robots_noimageindex":false,"robots_noodp":false,"robots_notranslate":false,"robots_max_snippet":"-1","robots_max_videopreview":"-1","robots_max_imagepreview":"large","priority":null,"frequency":"default","local_seo":null,"seo_analyzer_scan_date":null,"breadcrumb_settings":null,"limit_modified_date":false,"open_ai":"{\"title\":{\"suggestions\":[],\"usage\":0},\"description\":{\"suggestions\":[],\"usage\":0}}","ai":null,"created":"2023-02-28 14:15:10","updated":"2026-05-05 17:03:57"},"aioseo_breadcrumb":"<div class=\"aioseo-breadcrumbs\"><span class=\"aioseo-breadcrumb\">\n\t<a href=\"https:\/\/cards.kkiosk.ch\/fr\/\" title=\"Home\">Home<\/a>\n<\/span><span class=\"aioseo-breadcrumb-separator\">\u2192<\/span><span class=\"aioseo-breadcrumb\">\n\t<a href=\"https:\/\/cards.kkiosk.ch\/fr\/boutique\/\" title=\"Nos cartes cadeaux\">Nos cartes cadeaux<\/a>\n<\/span><span class=\"aioseo-breadcrumb-separator\">\u2192<\/span><span class=\"aioseo-breadcrumb\">\n\t<a href=\"https:\/\/cards.kkiosk.ch\/fr\/product-category\/mode\/\" title=\"Mode\">Mode<\/a>\n<\/span><span class=\"aioseo-breadcrumb-separator\">\u2192<\/span><span class=\"aioseo-breadcrumb\">\n\t<a href=\"https:\/\/cards.kkiosk.ch\/fr\/produit\/ca\/\" title=\"C&amp;A\">C&amp;A<\/a>\n<\/span><\/div>","aioseo_breadcrumb_json":[{"label":"Home","link":"https:\/\/cards.kkiosk.ch\/fr\/"},{"label":"Nos cartes cadeaux","link":"https:\/\/cards.kkiosk.ch\/fr\/boutique\/"},{"label":"Mode","link":"https:\/\/cards.kkiosk.ch\/fr\/product-category\/mode\/"},{"label":"C&amp;A","link":"https:\/\/cards.kkiosk.ch\/fr\/produit\/ca\/"}],"_links":{"self":[{"href":"https:\/\/cards.kkiosk.ch\/fr\/wp-json\/wp\/v2\/product\/3357","targetHints":{"allow":["GET"]}}],"collection":[{"href":"https:\/\/cards.kkiosk.ch\/fr\/wp-json\/wp\/v2\/product"}],"about":[{"href":"https:\/\/cards.kkiosk.ch\/fr\/wp-json\/wp\/v2\/types\/product"}],"wp:featuredmedia":[{"embeddable":true,"href":"https:\/\/cards.kkiosk.ch\/fr\/wp-json\/wp\/v2\/media\/2945"}],"wp:attachment":[{"href":"https:\/\/cards.kkiosk.ch\/fr\/wp-json\/wp\/v2\/media?parent=3357"}],"wp:term":[{"taxonomy":"product_brand","embeddable":true,"href":"https:\/\/cards.kkiosk.ch\/fr\/wp-json\/wp\/v2\/product_brand?post=3357"},{"taxonomy":"product_cat","embeddable":true,"href":"https:\/\/cards.kkiosk.ch\/fr\/wp-json\/wp\/v2\/product_cat?post=3357"},{"taxonomy":"product_tag","embeddable":true,"href":"https:\/\/cards.kkiosk.ch\/fr\/wp-json\/wp\/v2\/product_tag?post=3357"}],"curies":[{"name":"wp","href":"https:\/\/api.w.org\/{rel}","templated":true}]}}