{"id":145755,"date":"2024-11-08T14:07:40","date_gmt":"2024-11-08T13:07:40","guid":{"rendered":"https:\/\/cards.kkiosk.ch\/produkt\/home24-carte-cadeau\/"},"modified":"2024-11-13T12:02:58","modified_gmt":"2024-11-13T11:02:58","slug":"home24-carte-cadeau","status":"publish","type":"product","link":"https:\/\/cards.kkiosk.ch\/fr\/produit\/home24-carte-cadeau\/","title":{"rendered":"home24 Carte cadeau"},"content":{"rendered":"","protected":false},"excerpt":{"rendered":"<p>home24 est ton magasin de meubles en ligne avec un grand choix. Avec plus de 150.000 articles, tu trouveras en un clin d&#8217;\u0153il des meubles tendance, de superbes coups de c\u0153ur et de l&#8217;inspiration pour ton int\u00e9rieur. <\/p>\n","protected":false},"featured_media":145680,"template":"","meta":{"_acf_changed":false},"product_brand":[],"product_cat":[170,98],"product_tag":[110],"class_list":{"0":"post-145755","1":"product","2":"type-product","3":"status-publish","4":"has-post-thumbnail","6":"product_cat-experience-cadeau","7":"product_cat-achats","8":"product_tag-envoi-par-e-mail","10":"first","11":"instock","12":"sold-individually","13":"shipping-taxable","14":"purchasable","15":"product-type-wgm_gift_card"},"acf":[],"aioseo_notices":[],"aioseo_head":"\n\t\t<!-- All in One SEO Pro 4.9.7.1 - aioseo.com -->\n\t<meta name=\"description\" content=\"Achetez votre home24 Carte cadeau en ligne pour la Suisse : code instantan\u00e9 par e-mail, paiement s\u00e9curis\u00e9, service 24h\/24 sur cards.kkiosk.ch.\" \/>\n\t<meta name=\"robots\" content=\"max-image-preview:large\" \/>\n\t<meta name=\"google-site-verification\" content=\"rYn5PCbh0_K_BKTjpqwAZI5rFXpv5c-SV5eHdmLHhr0\" \/>\n\t<meta name=\"msvalidate.01\" content=\"D078CE645D623BFE38BB58E6D03E005A\" \/>\n\t<link rel=\"canonical\" href=\"https:\/\/cards.kkiosk.ch\/fr\/produit\/home24-carte-cadeau\/\" \/>\n\t<meta name=\"generator\" content=\"All in One SEO Pro (AIOSEO) 4.9.7.1\" \/>\n\t\t<meta property=\"og:locale\" content=\"fr_FR\" \/>\n\t\t<meta property=\"og:site_name\" content=\"Carte-cadeau num\u00e9rique, livraison instantan\u00e9e | cards.kkiosk.ch \u2192 Boutique suisse de cartes-cadeaux et cr\u00e9dits num\u00e9riques : Apple, Paysafecard, Google Play, Bitcoin\u2026 Paiement s\u00e9curis\u00e9, code instantan\u00e9 par e-mail.\" \/>\n\t\t<meta property=\"og:type\" content=\"product\" \/>\n\t\t<meta property=\"og:title\" content=\"home24 Carte cadeau Carte-cadeau num\u00e9rique, livraison instantan\u00e9e | cards.kkiosk.ch\" \/>\n\t\t<meta property=\"og:description\" content=\"Achetez votre home24 Carte cadeau en ligne pour la Suisse : code instantan\u00e9 par e-mail, paiement s\u00e9curis\u00e9, service 24h\/24 sur cards.kkiosk.ch.\" \/>\n\t\t<meta property=\"og:url\" content=\"https:\/\/cards.kkiosk.ch\/fr\/produit\/home24-carte-cadeau\/\" \/>\n\t\t<meta property=\"og:image\" content=\"https:\/\/cards.kkiosk.ch\/wp-content\/uploads\/2023\/03\/cropped-cards-kkiosk-favicon-black-e1677911898508.png\" \/>\n\t\t<meta property=\"og:image:secure_url\" content=\"https:\/\/cards.kkiosk.ch\/wp-content\/uploads\/2023\/03\/cropped-cards-kkiosk-favicon-black-e1677911898508.png\" \/>\n\t\t<meta property=\"og:image:width\" content=\"512\" \/>\n\t\t<meta property=\"og:image:height\" content=\"512\" \/>\n\t\t<meta name=\"twitter:card\" content=\"summary_large_image\" \/>\n\t\t<meta name=\"twitter:title\" content=\"home24 Carte cadeau Carte-cadeau num\u00e9rique, livraison instantan\u00e9e | cards.kkiosk.ch\" \/>\n\t\t<meta name=\"twitter:description\" content=\"Achetez votre home24 Carte cadeau en ligne pour la Suisse : code instantan\u00e9 par e-mail, paiement s\u00e9curis\u00e9, service 24h\/24 sur cards.kkiosk.ch.\" \/>\n\t\t<meta name=\"twitter:image\" content=\"https:\/\/cards.kkiosk.ch\/wp-content\/uploads\/2023\/03\/cropped-cards-kkiosk-favicon-black-e1677911898508.png\" \/>\n\t\t<script type=\"application\/ld+json\" class=\"aioseo-schema\">\n\t\t\t{\"@context\":\"https:\\\/\\\/schema.org\",\"@graph\":[{\"@type\":\"BreadcrumbList\",\"@id\":\"https:\\\/\\\/cards.kkiosk.ch\\\/fr\\\/produit\\\/home24-carte-cadeau\\\/#breadcrumblist\",\"itemListElement\":[{\"@type\":\"ListItem\",\"@id\":\"https:\\\/\\\/cards.kkiosk.ch\\\/fr\\\/#listItem\",\"position\":1,\"name\":\"Home\",\"item\":\"https:\\\/\\\/cards.kkiosk.ch\\\/fr\\\/\",\"nextItem\":{\"@type\":\"ListItem\",\"@id\":\"https:\\\/\\\/cards.kkiosk.ch\\\/fr\\\/boutique\\\/#listItem\",\"name\":\"Nos cartes cadeaux\"}},{\"@type\":\"ListItem\",\"@id\":\"https:\\\/\\\/cards.kkiosk.ch\\\/fr\\\/boutique\\\/#listItem\",\"position\":2,\"name\":\"Nos cartes cadeaux\",\"item\":\"https:\\\/\\\/cards.kkiosk.ch\\\/fr\\\/boutique\\\/\",\"nextItem\":{\"@type\":\"ListItem\",\"@id\":\"https:\\\/\\\/cards.kkiosk.ch\\\/fr\\\/categorie-produit\\\/achats\\\/#listItem\",\"name\":\"Shopping\"},\"previousItem\":{\"@type\":\"ListItem\",\"@id\":\"https:\\\/\\\/cards.kkiosk.ch\\\/fr\\\/#listItem\",\"name\":\"Home\"}},{\"@type\":\"ListItem\",\"@id\":\"https:\\\/\\\/cards.kkiosk.ch\\\/fr\\\/categorie-produit\\\/achats\\\/#listItem\",\"position\":3,\"name\":\"Shopping\",\"item\":\"https:\\\/\\\/cards.kkiosk.ch\\\/fr\\\/categorie-produit\\\/achats\\\/\",\"nextItem\":{\"@type\":\"ListItem\",\"@id\":\"https:\\\/\\\/cards.kkiosk.ch\\\/fr\\\/produit\\\/home24-carte-cadeau\\\/#listItem\",\"name\":\"home24 Carte cadeau\"},\"previousItem\":{\"@type\":\"ListItem\",\"@id\":\"https:\\\/\\\/cards.kkiosk.ch\\\/fr\\\/boutique\\\/#listItem\",\"name\":\"Nos cartes cadeaux\"}},{\"@type\":\"ListItem\",\"@id\":\"https:\\\/\\\/cards.kkiosk.ch\\\/fr\\\/produit\\\/home24-carte-cadeau\\\/#listItem\",\"position\":4,\"name\":\"home24 Carte cadeau\",\"previousItem\":{\"@type\":\"ListItem\",\"@id\":\"https:\\\/\\\/cards.kkiosk.ch\\\/fr\\\/categorie-produit\\\/achats\\\/#listItem\",\"name\":\"Shopping\"}}]},{\"@type\":\"Organization\",\"@id\":\"https:\\\/\\\/cards.kkiosk.ch\\\/fr\\\/#organization\",\"name\":\"Valora Schweiz AG\",\"description\":\"Boutique suisse de cartes-cadeaux et cr\\u00e9dits num\\u00e9riques : Apple, Paysafecard, Google Play, Bitcoin\\u2026 Paiement s\\u00e9curis\\u00e9, code instantan\\u00e9 par e-mail.\",\"url\":\"https:\\\/\\\/cards.kkiosk.ch\\\/fr\\\/\",\"telephone\":\"+41614672020\",\"logo\":{\"@type\":\"ImageObject\",\"url\":\"https:\\\/\\\/cards.kkiosk.ch\\\/wp-content\\\/uploads\\\/2023\\\/03\\\/cropped-cards-kkiosk-favicon-black-e1677911898508.png\",\"@id\":\"https:\\\/\\\/cards.kkiosk.ch\\\/fr\\\/produit\\\/home24-carte-cadeau\\\/#organizationLogo\",\"width\":512,\"height\":512},\"image\":{\"@id\":\"https:\\\/\\\/cards.kkiosk.ch\\\/fr\\\/produit\\\/home24-carte-cadeau\\\/#organizationLogo\"},\"sameAs\":[\"https:\\\/\\\/www.facebook.com\\\/kkiosk\",\"https:\\\/\\\/www.instagram.com\\\/k_kiosk\\\/\",\"https:\\\/\\\/www.pinterest.com\\\/cards0056\\\/\",\"https:\\\/\\\/www.youtube.com\\\/user\\\/my1kkiosk\"]},{\"@type\":\"Product\",\"@id\":\"https:\\\/\\\/cards.kkiosk.ch\\\/fr\\\/produit\\\/home24-carte-cadeau\\\/#wooCommerceProduct\",\"name\":\"home24 Carte cadeau\",\"description\":\"Achetez votre home24 Carte cadeau en ligne pour la Suisse : code instantan\\u00e9 par e-mail, paiement s\\u00e9curis\\u00e9, service 24h\\\/24 sur cards.kkiosk.ch.\",\"url\":\"https:\\\/\\\/cards.kkiosk.ch\\\/fr\\\/produit\\\/home24-carte-cadeau\\\/\",\"image\":{\"@type\":\"ImageObject\",\"url\":\"https:\\\/\\\/cards.kkiosk.ch\\\/wp-content\\\/uploads\\\/2024\\\/11\\\/Packshot.png\",\"@id\":\"https:\\\/\\\/cards.kkiosk.ch\\\/fr\\\/produit\\\/home24-carte-cadeau\\\/#productImage\",\"width\":792,\"height\":500},\"offers\":{\"@type\":\"Offer\",\"url\":\"https:\\\/\\\/cards.kkiosk.ch\\\/fr\\\/produit\\\/home24-carte-cadeau\\\/#wooCommerceOffer\",\"price\":15,\"priceCurrency\":\"CHF\",\"category\":\"Exp\\u00e9rience &amp; Cadeau\",\"availability\":\"https:\\\/\\\/schema.org\\\/InStock\",\"priceSpecification\":{\"@type\":\"PriceSpecification\",\"price\":15,\"priceCurrency\":\"CHF\",\"valueAddedTaxIncluded\":\"true\"},\"seller\":{\"@type\":\"Organization\",\"@id\":\"https:\\\/\\\/cards.kkiosk.ch\\\/fr\\\/#organization\"}}},{\"@type\":\"WebPage\",\"@id\":\"https:\\\/\\\/cards.kkiosk.ch\\\/fr\\\/produit\\\/home24-carte-cadeau\\\/#webpage\",\"url\":\"https:\\\/\\\/cards.kkiosk.ch\\\/fr\\\/produit\\\/home24-carte-cadeau\\\/\",\"name\":\"home24 Carte cadeau Carte-cadeau num\\u00e9rique, livraison instantan\\u00e9e | cards.kkiosk.ch\",\"description\":\"Achetez votre home24 Carte cadeau en ligne pour la Suisse : code instantan\\u00e9 par e-mail, paiement s\\u00e9curis\\u00e9, service 24h\\\/24 sur cards.kkiosk.ch.\",\"inLanguage\":\"fr\",\"isPartOf\":{\"@id\":\"https:\\\/\\\/cards.kkiosk.ch\\\/fr\\\/#website\"},\"breadcrumb\":{\"@id\":\"https:\\\/\\\/cards.kkiosk.ch\\\/fr\\\/produit\\\/home24-carte-cadeau\\\/#breadcrumblist\"},\"image\":{\"@type\":\"ImageObject\",\"url\":\"https:\\\/\\\/cards.kkiosk.ch\\\/wp-content\\\/uploads\\\/2024\\\/11\\\/Packshot.png\",\"@id\":\"https:\\\/\\\/cards.kkiosk.ch\\\/fr\\\/produit\\\/home24-carte-cadeau\\\/#mainImage\",\"width\":792,\"height\":500},\"primaryImageOfPage\":{\"@id\":\"https:\\\/\\\/cards.kkiosk.ch\\\/fr\\\/produit\\\/home24-carte-cadeau\\\/#mainImage\"},\"datePublished\":\"2024-11-08T14:07:40+01:00\",\"dateModified\":\"2024-11-13T12:02:58+01:00\"},{\"@type\":\"WebSite\",\"@id\":\"https:\\\/\\\/cards.kkiosk.ch\\\/fr\\\/#website\",\"url\":\"https:\\\/\\\/cards.kkiosk.ch\\\/fr\\\/\",\"name\":\"cards.kkiosk.ch\",\"alternateName\":\"cards\",\"description\":\"Boutique suisse de cartes-cadeaux et cr\\u00e9dits num\\u00e9riques : Apple, Paysafecard, Google Play, Bitcoin\\u2026 Paiement s\\u00e9curis\\u00e9, code instantan\\u00e9 par e-mail.\",\"inLanguage\":\"fr\",\"publisher\":{\"@id\":\"https:\\\/\\\/cards.kkiosk.ch\\\/fr\\\/#organization\"}}]}\n\t\t<\/script>\n\t\t<!-- All in One SEO Pro -->\r\n\t\t<title>home24 Carte cadeau Carte-cadeau num\u00e9rique, livraison instantan\u00e9e | cards.kkiosk.ch<\/title>\n\n","aioseo_head_json":{"title":"home24 Carte cadeau Carte-cadeau num\u00e9rique, livraison instantan\u00e9e | cards.kkiosk.ch","description":"Achetez votre home24 Carte cadeau en ligne pour la Suisse : code instantan\u00e9 par e-mail, paiement s\u00e9curis\u00e9, service 24h\/24 sur cards.kkiosk.ch.","canonical_url":"https:\/\/cards.kkiosk.ch\/fr\/produit\/home24-carte-cadeau\/","robots":"max-image-preview:large","keywords":"","webmasterTools":{"google-site-verification":"rYn5PCbh0_K_BKTjpqwAZI5rFXpv5c-SV5eHdmLHhr0","msvalidate.01":"D078CE645D623BFE38BB58E6D03E005A","miscellaneous":""},"schema":{"@context":"https:\/\/schema.org","@graph":[{"@type":"BreadcrumbList","@id":"https:\/\/cards.kkiosk.ch\/fr\/produit\/home24-carte-cadeau\/#breadcrumblist","itemListElement":[{"@type":"ListItem","@id":"https:\/\/cards.kkiosk.ch\/fr\/#listItem","position":1,"name":"Home","item":"https:\/\/cards.kkiosk.ch\/fr\/","nextItem":{"@type":"ListItem","@id":"https:\/\/cards.kkiosk.ch\/fr\/boutique\/#listItem","name":"Nos cartes cadeaux"}},{"@type":"ListItem","@id":"https:\/\/cards.kkiosk.ch\/fr\/boutique\/#listItem","position":2,"name":"Nos cartes cadeaux","item":"https:\/\/cards.kkiosk.ch\/fr\/boutique\/","nextItem":{"@type":"ListItem","@id":"https:\/\/cards.kkiosk.ch\/fr\/categorie-produit\/achats\/#listItem","name":"Shopping"},"previousItem":{"@type":"ListItem","@id":"https:\/\/cards.kkiosk.ch\/fr\/#listItem","name":"Home"}},{"@type":"ListItem","@id":"https:\/\/cards.kkiosk.ch\/fr\/categorie-produit\/achats\/#listItem","position":3,"name":"Shopping","item":"https:\/\/cards.kkiosk.ch\/fr\/categorie-produit\/achats\/","nextItem":{"@type":"ListItem","@id":"https:\/\/cards.kkiosk.ch\/fr\/produit\/home24-carte-cadeau\/#listItem","name":"home24 Carte cadeau"},"previousItem":{"@type":"ListItem","@id":"https:\/\/cards.kkiosk.ch\/fr\/boutique\/#listItem","name":"Nos cartes cadeaux"}},{"@type":"ListItem","@id":"https:\/\/cards.kkiosk.ch\/fr\/produit\/home24-carte-cadeau\/#listItem","position":4,"name":"home24 Carte cadeau","previousItem":{"@type":"ListItem","@id":"https:\/\/cards.kkiosk.ch\/fr\/categorie-produit\/achats\/#listItem","name":"Shopping"}}]},{"@type":"Organization","@id":"https:\/\/cards.kkiosk.ch\/fr\/#organization","name":"Valora Schweiz AG","description":"Boutique suisse de cartes-cadeaux et cr\u00e9dits num\u00e9riques : Apple, Paysafecard, Google Play, Bitcoin\u2026 Paiement s\u00e9curis\u00e9, code instantan\u00e9 par e-mail.","url":"https:\/\/cards.kkiosk.ch\/fr\/","telephone":"+41614672020","logo":{"@type":"ImageObject","url":"https:\/\/cards.kkiosk.ch\/wp-content\/uploads\/2023\/03\/cropped-cards-kkiosk-favicon-black-e1677911898508.png","@id":"https:\/\/cards.kkiosk.ch\/fr\/produit\/home24-carte-cadeau\/#organizationLogo","width":512,"height":512},"image":{"@id":"https:\/\/cards.kkiosk.ch\/fr\/produit\/home24-carte-cadeau\/#organizationLogo"},"sameAs":["https:\/\/www.facebook.com\/kkiosk","https:\/\/www.instagram.com\/k_kiosk\/","https:\/\/www.pinterest.com\/cards0056\/","https:\/\/www.youtube.com\/user\/my1kkiosk"]},{"@type":"Product","@id":"https:\/\/cards.kkiosk.ch\/fr\/produit\/home24-carte-cadeau\/#wooCommerceProduct","name":"home24 Carte cadeau","description":"Achetez votre home24 Carte cadeau en ligne pour la Suisse : code instantan\u00e9 par e-mail, paiement s\u00e9curis\u00e9, service 24h\/24 sur cards.kkiosk.ch.","url":"https:\/\/cards.kkiosk.ch\/fr\/produit\/home24-carte-cadeau\/","image":{"@type":"ImageObject","url":"https:\/\/cards.kkiosk.ch\/wp-content\/uploads\/2024\/11\/Packshot.png","@id":"https:\/\/cards.kkiosk.ch\/fr\/produit\/home24-carte-cadeau\/#productImage","width":792,"height":500},"offers":{"@type":"Offer","url":"https:\/\/cards.kkiosk.ch\/fr\/produit\/home24-carte-cadeau\/#wooCommerceOffer","price":15,"priceCurrency":"CHF","category":"Exp\u00e9rience &amp; Cadeau","availability":"https:\/\/schema.org\/InStock","priceSpecification":{"@type":"PriceSpecification","price":15,"priceCurrency":"CHF","valueAddedTaxIncluded":"true"},"seller":{"@type":"Organization","@id":"https:\/\/cards.kkiosk.ch\/fr\/#organization"}}},{"@type":"WebPage","@id":"https:\/\/cards.kkiosk.ch\/fr\/produit\/home24-carte-cadeau\/#webpage","url":"https:\/\/cards.kkiosk.ch\/fr\/produit\/home24-carte-cadeau\/","name":"home24 Carte cadeau Carte-cadeau num\u00e9rique, livraison instantan\u00e9e | cards.kkiosk.ch","description":"Achetez votre home24 Carte cadeau en ligne pour la Suisse : code instantan\u00e9 par e-mail, paiement s\u00e9curis\u00e9, service 24h\/24 sur cards.kkiosk.ch.","inLanguage":"fr","isPartOf":{"@id":"https:\/\/cards.kkiosk.ch\/fr\/#website"},"breadcrumb":{"@id":"https:\/\/cards.kkiosk.ch\/fr\/produit\/home24-carte-cadeau\/#breadcrumblist"},"image":{"@type":"ImageObject","url":"https:\/\/cards.kkiosk.ch\/wp-content\/uploads\/2024\/11\/Packshot.png","@id":"https:\/\/cards.kkiosk.ch\/fr\/produit\/home24-carte-cadeau\/#mainImage","width":792,"height":500},"primaryImageOfPage":{"@id":"https:\/\/cards.kkiosk.ch\/fr\/produit\/home24-carte-cadeau\/#mainImage"},"datePublished":"2024-11-08T14:07:40+01:00","dateModified":"2024-11-13T12:02:58+01:00"},{"@type":"WebSite","@id":"https:\/\/cards.kkiosk.ch\/fr\/#website","url":"https:\/\/cards.kkiosk.ch\/fr\/","name":"cards.kkiosk.ch","alternateName":"cards","description":"Boutique suisse de cartes-cadeaux et cr\u00e9dits num\u00e9riques : Apple, Paysafecard, Google Play, Bitcoin\u2026 Paiement s\u00e9curis\u00e9, code instantan\u00e9 par e-mail.","inLanguage":"fr","publisher":{"@id":"https:\/\/cards.kkiosk.ch\/fr\/#organization"}}]},"og:locale":"fr_FR","og:site_name":"Carte-cadeau num\u00e9rique, livraison instantan\u00e9e | cards.kkiosk.ch \u2192 Boutique suisse de cartes-cadeaux et cr\u00e9dits num\u00e9riques : Apple, Paysafecard, Google Play, Bitcoin\u2026 Paiement s\u00e9curis\u00e9, code instantan\u00e9 par e-mail.","og:type":"product","og:title":"home24 Carte cadeau Carte-cadeau num\u00e9rique, livraison instantan\u00e9e | cards.kkiosk.ch","og:description":"Achetez votre home24 Carte cadeau en ligne pour la Suisse : code instantan\u00e9 par e-mail, paiement s\u00e9curis\u00e9, service 24h\/24 sur cards.kkiosk.ch.","og:url":"https:\/\/cards.kkiosk.ch\/fr\/produit\/home24-carte-cadeau\/","og:image":"https:\/\/cards.kkiosk.ch\/wp-content\/uploads\/2023\/03\/cropped-cards-kkiosk-favicon-black-e1677911898508.png","og:image:secure_url":"https:\/\/cards.kkiosk.ch\/wp-content\/uploads\/2023\/03\/cropped-cards-kkiosk-favicon-black-e1677911898508.png","og:image:width":512,"og:image:height":512,"twitter:card":"summary_large_image","twitter:title":"home24 Carte cadeau Carte-cadeau num\u00e9rique, livraison instantan\u00e9e | cards.kkiosk.ch","twitter:description":"Achetez votre home24 Carte cadeau en ligne pour la Suisse : code instantan\u00e9 par e-mail, paiement s\u00e9curis\u00e9, service 24h\/24 sur cards.kkiosk.ch.","twitter:image":"https:\/\/cards.kkiosk.ch\/wp-content\/uploads\/2023\/03\/cropped-cards-kkiosk-favicon-black-e1677911898508.png"},"aioseo_meta_data":{"post_id":"145755","title":null,"description":null,"keywords":null,"keyphrases":{"focus":{"keyphrase":"","score":0,"analysis":{"keyphraseInTitle":{"score":0,"maxScore":9,"error":1}}},"additional":[]},"primary_term":null,"canonical_url":null,"og_title":null,"og_description":null,"og_object_type":"default","og_image_type":"default","og_image_url":null,"og_image_width":null,"og_image_height":null,"og_image_custom_url":null,"og_image_custom_fields":null,"og_video":"","og_custom_url":null,"og_article_section":null,"og_article_tags":null,"twitter_use_og":false,"twitter_card":"default","twitter_image_type":"default","twitter_image_url":null,"twitter_image_custom_url":null,"twitter_image_custom_fields":null,"twitter_title":null,"twitter_description":null,"schema":{"blockGraphs":[],"customGraphs":[],"default":{"data":{"Article":[],"Course":[],"Dataset":[],"FAQPage":[],"Movie":[],"Person":[],"Product":[],"ProductReview":[],"Car":[],"Recipe":[],"Service":[],"SoftwareApplication":[],"WebPage":[]},"graphName":"Product","isEnabled":true},"graphs":[]},"schema_type":"default","schema_type_options":null,"pillar_content":false,"robots_default":true,"robots_noindex":false,"robots_noarchive":false,"robots_nosnippet":false,"robots_nofollow":false,"robots_noimageindex":false,"robots_noodp":false,"robots_notranslate":false,"robots_max_snippet":"-1","robots_max_videopreview":"-1","robots_max_imagepreview":"large","priority":null,"frequency":"default","local_seo":null,"seo_analyzer_scan_date":null,"breadcrumb_settings":null,"limit_modified_date":false,"open_ai":"{\"title\":{\"suggestions\":[],\"usage\":0},\"description\":{\"suggestions\":[],\"usage\":0}}","ai":null,"created":"2024-11-08 15:58:47","updated":"2025-06-13 08:12:53"},"aioseo_breadcrumb":"<div class=\"aioseo-breadcrumbs\"><span class=\"aioseo-breadcrumb\">\n\t<a href=\"https:\/\/cards.kkiosk.ch\/fr\/\" title=\"Home\">Home<\/a>\n<\/span><span class=\"aioseo-breadcrumb-separator\">\u2192<\/span><span class=\"aioseo-breadcrumb\">\n\t<a href=\"https:\/\/cards.kkiosk.ch\/fr\/boutique\/\" title=\"Nos cartes cadeaux\">Nos cartes cadeaux<\/a>\n<\/span><span class=\"aioseo-breadcrumb-separator\">\u2192<\/span><span class=\"aioseo-breadcrumb\">\n\t<a href=\"https:\/\/cards.kkiosk.ch\/fr\/categorie-produit\/achats\/\" title=\"Shopping\">Shopping<\/a>\n<\/span><span class=\"aioseo-breadcrumb-separator\">\u2192<\/span><span class=\"aioseo-breadcrumb\">\n\t<a href=\"https:\/\/cards.kkiosk.ch\/fr\/produit\/home24-carte-cadeau\/\" title=\"home24 Carte cadeau\">home24 Carte cadeau<\/a>\n<\/span><\/div>","aioseo_breadcrumb_json":[{"label":"Home","link":"https:\/\/cards.kkiosk.ch\/fr\/"},{"label":"Nos cartes cadeaux","link":"https:\/\/cards.kkiosk.ch\/fr\/boutique\/"},{"label":"Shopping","link":"https:\/\/cards.kkiosk.ch\/fr\/categorie-produit\/achats\/"},{"label":"home24 Carte cadeau","link":"https:\/\/cards.kkiosk.ch\/fr\/produit\/home24-carte-cadeau\/"}],"_links":{"self":[{"href":"https:\/\/cards.kkiosk.ch\/fr\/wp-json\/wp\/v2\/product\/145755","targetHints":{"allow":["GET"]}}],"collection":[{"href":"https:\/\/cards.kkiosk.ch\/fr\/wp-json\/wp\/v2\/product"}],"about":[{"href":"https:\/\/cards.kkiosk.ch\/fr\/wp-json\/wp\/v2\/types\/product"}],"wp:featuredmedia":[{"embeddable":true,"href":"https:\/\/cards.kkiosk.ch\/fr\/wp-json\/wp\/v2\/media\/145680"}],"wp:attachment":[{"href":"https:\/\/cards.kkiosk.ch\/fr\/wp-json\/wp\/v2\/media?parent=145755"}],"wp:term":[{"taxonomy":"product_brand","embeddable":true,"href":"https:\/\/cards.kkiosk.ch\/fr\/wp-json\/wp\/v2\/product_brand?post=145755"},{"taxonomy":"product_cat","embeddable":true,"href":"https:\/\/cards.kkiosk.ch\/fr\/wp-json\/wp\/v2\/product_cat?post=145755"},{"taxonomy":"product_tag","embeddable":true,"href":"https:\/\/cards.kkiosk.ch\/fr\/wp-json\/wp\/v2\/product_tag?post=145755"}],"curies":[{"name":"wp","href":"https:\/\/api.w.org\/{rel}","templated":true}]}}