{"id":3850,"date":"2022-12-22T16:54:52","date_gmt":"2022-12-22T14:54:52","guid":{"rendered":"https:\/\/cards.kkiosk.ch\/protection-des-donnees\/"},"modified":"2023-03-03T12:19:02","modified_gmt":"2023-03-03T11:19:02","slug":"faq","status":"publish","type":"page","link":"https:\/\/cards.kkiosk.ch\/fr\/faq\/","title":{"rendered":"FAQ"},"content":{"rendered":"<div class=\"wps-kk-tc\">\n<h2 class=\"wps-kk-tc_title\">Bienvenue sur la boutique de cartes cadeaux de k kiosk<\/h2>\n<p class=\"wps-kk-tc_sub\">Nous faisons partie de Valora Suisse SA et souhaitons t&#8217;offrir la possibilit\u00e9 d&#8217;offrir ou d&#8217;utiliser toi-m\u00eame un large assortiment de ch\u00e8ques-cadeaux et autres cartes de valeur.<br \/>\nTu as une question ? Tu trouveras ici les r\u00e9ponses aux questions les plus fr\u00e9quemment pos\u00e9es. Tu peux \u00e9galement nous contacter via notre contact <a href=\"mailto:support.cards@kkiosk.ch\">support.cards@kkiosk.ch<\/a> nous nous ferons un plaisir de t&#8217;aider.<\/p>\n<div class=\"acc-body\">\n<p><b>Que puis-je acheter sur cards.kkiosk.ch ? <\/b><br \/>\nDans notre boutique, il est possible d&#8217;acheter une large gamme de cartes-cadeaux (code-cadeaux) \u00e0 utiliser soi-m\u00eame ou \u00e0 offrir.<\/p>\n<p><b>\u00c0 partir de quel \u00e2ge puis-je faire des achats ici ? <\/b><br \/>\nEn principe, il n&#8217;y a pas de limite d&#8217;\u00e2ge pour l&#8217;achat de cartes cadeaux et de cartes pr\u00e9pay\u00e9es. Toutefois, il peut arriver que l&#8217;utilisation de la carte cadeau soit soumise \u00e0 une limite d&#8217;\u00e2ge. Avant d&#8217;acheter, v\u00e9rifie que toi ou la personne \u00e0 qui tu souhaites faire un cadeau remplisse les conditions d&#8217;utilisation du fournisseur de bons.<br \/>\nLimites d&#8217;\u00e2ge dont nous avons connaissance (liste non exhaustive) :<br \/>\nDisney+ &#8211; 18 ans.<br \/>\nSony PSN 18 (le titulaire du compte doit avoir 18 ans)<\/p>\n<p><b>Dois-je m&#8217;inscrire ? <\/b><br \/>\nNon.<\/p>\n<p><b>Comment s&#8217;effectue la livraison ? <\/b><br \/>\nDans notre boutique, c&#8217;est toi qui d\u00e9cides comment obtenir ton bon d&#8217;achat. Nous offrons la possibilit\u00e9 d&#8217;une livraison par e-mail. Mais si tu as besoin d&#8217;une carte cadeau physique, tu peux l&#8217;acheter dans la boutique et la retirer dans l&#8217;un de nos points de vente. En cas de retrait dans un magasin, veuillez tenir compte de nos heures d&#8217;ouverture. Nous ne proposons le retrait que dans les boutiques avec service, le retrait dans les magasins autonomes ou les distributeurs automatiques n&#8217;est pas possible.<br \/>\nNous ne proposons pas d&#8217;envoi postal \u00e0 une adresse postale.<br \/>\nLa livraison num\u00e9rique peut entra\u00eener de l\u00e9gers retards dans l&#8217;envoi par e-mail. En principe, Valora est tenue de livrer les commandes avec livraison par e-mail dans les 4 heures suivant le paiement au client.<\/p>\n<p><b>Je n&#8217;ai pas re\u00e7u d&#8217;e-mail avec le code apr\u00e8s le paiement. Que puis-je faire ? <\/b><br \/>\nAs-tu d\u00e9j\u00e0 regard\u00e9 dans le dossier spam de ton fournisseur de messagerie ? Parfois, nos e-mails atterrissent l\u00e0. Si tu nous trouves dans le dossier spam, dis \u00e0 ton programme de messagerie que notre adresse n&#8217;est pas un spam. Alors cela n&#8217;arrivera plus.<br \/>\nToujours pas trouv\u00e9 ?<br \/>\nSi tu n&#8217;as toujours pas trouv\u00e9 ton bon d&#8217;achat ou ta carte de valeur, contacte-nous le plus rapidement possible.<\/p>\n<p><b>Quelles sont les conditions de livraison ? <\/b><br \/>\nLa livraison num\u00e9rique d&#8217;un bon et le retrait d&#8217;une carte physique dans l&#8217;un de nos points de vente ne sont bien entendu pas payants.<\/p>\n<p><b>Comment puis-je utiliser une carte cadeau ou un code de recharge ? <\/b><br \/>\nLes cartes cadeaux et les bons de recharge sont directement \u00e9chang\u00e9s aupr\u00e8s du fournisseur concern\u00e9. Tu trouveras les informations n\u00e9cessaires \u00e0 ce sujet sur les pages respectives des fournisseurs.<br \/>\nImportant \u00e0 savoir : tu ne peux utiliser toutes les cartes cadeaux de notre boutique en ligne qu&#8217;en Suisse. Divers prestataires limitent l&#8217;encaissement au pays concern\u00e9, dans notre cas la Suisse. Veuillez tenir compte des conditions g\u00e9n\u00e9rales de vente et des conditions d&#8217;utilisation des diff\u00e9rents fournisseurs. Conform\u00e9ment \u00e0 nos conditions g\u00e9n\u00e9rales, nous d\u00e9clinons toute responsabilit\u00e9 en cas de probl\u00e8me lors de l&#8217;encaissement.<\/p>\n<p><b>Quels sont les moyens de paiement que nous acceptons ? <\/b><br \/>\nLorsque tu paies dans notre boutique en ligne, nous acceptons les moyens de paiement les plus courants (voir liste). Bien entendu, nous \u00e9largirons les possibilit\u00e9s en fonction des besoins.<br \/>\nSi tu ne souhaites pas effectuer de paiement dans notre boutique, tu peux \u00e9galement payer dans tous nos points de vente et recevoir ton bon ou ta carte de valeur par e-mail juste apr\u00e8s le paiement. Dans les points de vente, tu peux payer en esp\u00e8ces ou par carte.<\/p>\n<p><b>Ai-je un droit de remboursement ? <\/b><br \/>\nComme nous ne pouvons pas voir si un bon ou une carte de valeur a d\u00e9j\u00e0 \u00e9t\u00e9 utilis\u00e9(e), nous ne pouvons pas accorder de droit de remboursement.<br \/>\nDans des cas exceptionnels ou en cas d&#8217;injonction des autorit\u00e9s, nous pouvons faire des exceptions apr\u00e8s concertation avec le fournisseur concern\u00e9.<br \/>\nVeuillez noter que les commandes en ligne avec livraison par e-mail, mais qui ont \u00e9t\u00e9 pay\u00e9es \u00e0 un point de vente physique, doivent \u00e9galement \u00eatre annul\u00e9es au point de vente. Les commandes pay\u00e9es en ligne avec un moyen de paiement disponible ne peuvent \u00eatre annul\u00e9es qu&#8217;en ligne.<\/p>\n<p><b>Qu&#8217;est-ce que la fraude aux cartes cadeaux ? <\/b><br \/>\nEn principe, il existe diff\u00e9rents types d&#8217;escroquerie aux cartes cadeaux.<br \/>\nFraude sur la carte cadeau m\u00eame :<br \/>\nDans ce type d&#8217;escroquerie, il est souvent demand\u00e9 \u00e0 la personne escroqu\u00e9e d&#8217;utiliser des cartes cadeaux comme paiement \u00e0 l&#8217;escroc. Ainsi, il peut arriver que l&#8217;on te demande d&#8217;acheter des cartes cadeaux pour le paiement d&#8217;un article (par exemple sur une plateforme commerciale\/une bourse en ligne) comme moyen de paiement. Fais attention si quelqu&#8217;un te demande d&#8217;acheter des bons comme Steam, Bitcoin, paysafe, etc. comme moyen de paiement.<br \/>\nD\u00e8s que les bons que tu as achet\u00e9s (cartes cadeaux) sont remis \u00e0 l&#8217;autre personne, tu dois partir du principe qu&#8217;ils seront imm\u00e9diatement utilis\u00e9s et monnay\u00e9s. Les escrocs aux cartes cadeaux travaillent de mani\u00e8re tr\u00e8s professionnelle et rapide. S&#8217;il te pla\u00eet, fais attention ! Ach\u00e8te toujours des bons soit pour toi, soit comme cadeau pour tes proches.<\/p>\n<p>Le deuxi\u00e8me type de fraude le plus fr\u00e9quent concerne les moyens de paiement et les donn\u00e9es personnelles :<br \/>\nCe type d&#8217;escroquerie consiste \u00e0 copier et \u00e0 utiliser tes donn\u00e9es de paiement et tes donn\u00e9es client.<br \/>\nAinsi, les donn\u00e9es de paiement telles que le num\u00e9ro de carte, le code de s\u00e9curit\u00e9 &amp; la date d&#8217;expiration pour les cartes de cr\u00e9dit, mais aussi les donn\u00e9es d&#8217;acc\u00e8s pour les comptes TWINT, par exemple, qui ont \u00e9t\u00e9 d\u00e9rob\u00e9es lors d&#8217;une attaque de phishing, peuvent \u00eatre utilis\u00e9es sur le r\u00e9seau pour effectuer des achats.<br \/>\nL&#8217;escroc peut ainsi passer par des bons comme Paysafe pour en faire un moyen de paiement anonyme et le transformer plus tard en argent en revendant les bons.<br \/>\nVeille \u00e0 ce que tes donn\u00e9es personnelles et de paiement soient toujours conserv\u00e9es en toute s\u00e9curit\u00e9 et ne les donne \u00e0 personne que tu ne connais pas.<\/p>\n<p><b>Qui est responsable en cas de fraude aux cartes cadeaux ? <\/b><br \/>\nLa plupart du temps, c&#8217;est toi qui es responsable. Cela d\u00e9pend aussi s&#8217;il y a eu fraude de ta part avec des donn\u00e9es de paiement ou des bons d&#8217;achat. Dans le premier cas, tu dois pouvoir prouver que tu n&#8217;as commis aucune faute (pas de partage de photos de donn\u00e9es de paiement, de cartes transmises, etc.), sinon une clause contractuelle s&#8217;applique g\u00e9n\u00e9ralement aupr\u00e8s des banques, qui peut te rendre responsable en cas d&#8217;imprudence. Dans le deuxi\u00e8me cas, tu es dans tous les cas responsable, \u00e0 moins que tu n&#8217;aies une assurance correspondante. En tant que commer\u00e7ant, nous ne sommes en aucun cas responsables.<\/p>\n<p><b>Que puis-je faire si je me rends compte que j&#8217;ai \u00e9t\u00e9 tromp\u00e9 ? <\/b><br \/>\nSelon le type de fraude, tu peux faire ce qui suit :<br \/>\nSi, par exemple, tes donn\u00e9es de paiement ont \u00e9t\u00e9 d\u00e9rob\u00e9es, fais imm\u00e9diatement bloquer tes comptes et tes cartes aupr\u00e8s de la banque concern\u00e9e afin d&#8217;\u00e9viter tout autre dommage.<br \/>\nSi des bons ont d\u00e9j\u00e0 \u00e9t\u00e9 achet\u00e9s avec tes donn\u00e9es de paiement, contacte-nous. Sans garantie, nous pouvons essayer de d\u00e9sactiver les bons \u00e9mis. Mais dans la plupart des cas, les carte cadeaux d\u00e9rob\u00e9es ont d\u00e9j\u00e0 \u00e9t\u00e9 utilis\u00e9es par les escrocs. Dans tous les cas, il est indispensable de d\u00e9poser une plainte aupr\u00e8s de la police en cas de fraude, car une fraude ou une tentative de fraude constitue un d\u00e9lit passible de poursuites.<\/p>\n<\/div>\n<\/div>\n","protected":false},"excerpt":{"rendered":"<p>Bienvenue sur la boutique de cartes cadeaux de k kiosk Nous faisons partie de Valora Suisse SA et souhaitons t&#8217;offrir la possibilit\u00e9 d&#8217;offrir ou d&#8217;utiliser toi-m\u00eame un large assortiment de ch\u00e8ques-cadeaux et autres cartes de valeur. Tu as une question ? Tu trouveras ici les r\u00e9ponses aux questions les plus fr\u00e9quemment pos\u00e9es. Tu peux \u00e9galement [&hellip;]<\/p>\n","protected":false},"author":2,"featured_media":0,"parent":0,"menu_order":0,"comment_status":"closed","ping_status":"closed","template":"","meta":{"_acf_changed":false,"footnotes":""},"class_list":["post-3850","page","type-page","status-publish","hentry"],"acf":[],"aioseo_notices":[],"aioseo_head":"\n\t\t<!-- All in One SEO Pro 4.9.5.2 - aioseo.com -->\n\t<meta name=\"description\" content=\"Bienvenue sur la boutique de cartes cadeaux de k kiosk Nous faisons partie de Valora Suisse SA et souhaitons t&#039;offrir la possibilit\u00e9 d&#039;offrir ou d&#039;utiliser toi-m\u00eame un large assortiment de ch\u00e8ques-cadeaux et autres cartes de valeur. Tu as une question ? Tu trouveras ici les r\u00e9ponses aux questions les plus fr\u00e9quemment pos\u00e9es. Tu peux \u00e9galement\" \/>\n\t<meta name=\"robots\" content=\"max-image-preview:large\" \/>\n\t<meta name=\"google-site-verification\" content=\"rYn5PCbh0_K_BKTjpqwAZI5rFXpv5c-SV5eHdmLHhr0\" \/>\n\t<meta name=\"msvalidate.01\" content=\"D078CE645D623BFE38BB58E6D03E005A\" \/>\n\t<link rel=\"canonical\" href=\"https:\/\/cards.kkiosk.ch\/fr\/faq\/\" \/>\n\t<meta name=\"generator\" content=\"All in One SEO Pro (AIOSEO) 4.9.5.2\" \/>\n\t\t<meta property=\"og:locale\" content=\"fr_FR\" \/>\n\t\t<meta property=\"og:site_name\" content=\"Carte-cadeau num\u00e9rique, livraison instantan\u00e9e | cards.kkiosk.ch \u2192 Boutique suisse de cartes-cadeaux et cr\u00e9dits num\u00e9riques : Apple, Paysafecard, Google Play, Bitcoin\u2026 Paiement s\u00e9curis\u00e9, code instantan\u00e9 par e-mail.\" \/>\n\t\t<meta property=\"og:type\" content=\"article\" \/>\n\t\t<meta property=\"og:title\" content=\"FAQ \u2192 Carte-cadeau num\u00e9rique, livraison instantan\u00e9e | cards.kkiosk.ch\" \/>\n\t\t<meta property=\"og:description\" content=\"Bienvenue sur la boutique de cartes cadeaux de k kiosk Nous faisons partie de Valora Suisse SA et souhaitons t&#039;offrir la possibilit\u00e9 d&#039;offrir ou d&#039;utiliser toi-m\u00eame un large assortiment de ch\u00e8ques-cadeaux et autres cartes de valeur. Tu as une question ? Tu trouveras ici les r\u00e9ponses aux questions les plus fr\u00e9quemment pos\u00e9es. Tu peux \u00e9galement\" \/>\n\t\t<meta property=\"og:url\" content=\"https:\/\/cards.kkiosk.ch\/fr\/faq\/\" \/>\n\t\t<meta property=\"og:image\" content=\"https:\/\/cards.kkiosk.ch\/wp-content\/uploads\/2023\/03\/cropped-cards-kkiosk-favicon-black-e1677911898508.png\" \/>\n\t\t<meta property=\"og:image:secure_url\" content=\"https:\/\/cards.kkiosk.ch\/wp-content\/uploads\/2023\/03\/cropped-cards-kkiosk-favicon-black-e1677911898508.png\" \/>\n\t\t<meta property=\"og:image:width\" content=\"512\" \/>\n\t\t<meta property=\"og:image:height\" content=\"512\" \/>\n\t\t<meta property=\"article:published_time\" content=\"2022-12-22T14:54:52+00:00\" \/>\n\t\t<meta property=\"article:modified_time\" content=\"2023-03-03T11:19:02+00:00\" \/>\n\t\t<meta property=\"article:publisher\" content=\"https:\/\/www.facebook.com\/kkiosk\" \/>\n\t\t<meta name=\"twitter:card\" content=\"summary_large_image\" \/>\n\t\t<meta name=\"twitter:title\" content=\"FAQ \u2192 Carte-cadeau num\u00e9rique, livraison instantan\u00e9e | cards.kkiosk.ch\" \/>\n\t\t<meta name=\"twitter:description\" content=\"Bienvenue sur la boutique de cartes cadeaux de k kiosk Nous faisons partie de Valora Suisse SA et souhaitons t&#039;offrir la possibilit\u00e9 d&#039;offrir ou d&#039;utiliser toi-m\u00eame un large assortiment de ch\u00e8ques-cadeaux et autres cartes de valeur. Tu as une question ? Tu trouveras ici les r\u00e9ponses aux questions les plus fr\u00e9quemment pos\u00e9es. Tu peux \u00e9galement\" \/>\n\t\t<meta name=\"twitter:image\" content=\"https:\/\/cards.kkiosk.ch\/wp-content\/uploads\/2023\/03\/cropped-cards-kkiosk-favicon-black-e1677911898508.png\" \/>\n\t\t<script type=\"application\/ld+json\" class=\"aioseo-schema\">\n\t\t\t{\"@context\":\"https:\\\/\\\/schema.org\",\"@graph\":[{\"@type\":\"BreadcrumbList\",\"@id\":\"https:\\\/\\\/cards.kkiosk.ch\\\/fr\\\/faq\\\/#breadcrumblist\",\"itemListElement\":[{\"@type\":\"ListItem\",\"@id\":\"https:\\\/\\\/cards.kkiosk.ch\\\/fr\\\/#listItem\",\"position\":1,\"name\":\"Home\",\"item\":\"https:\\\/\\\/cards.kkiosk.ch\\\/fr\\\/\",\"nextItem\":{\"@type\":\"ListItem\",\"@id\":\"https:\\\/\\\/cards.kkiosk.ch\\\/fr\\\/faq\\\/#listItem\",\"name\":\"FAQ\"}},{\"@type\":\"ListItem\",\"@id\":\"https:\\\/\\\/cards.kkiosk.ch\\\/fr\\\/faq\\\/#listItem\",\"position\":2,\"name\":\"FAQ\",\"previousItem\":{\"@type\":\"ListItem\",\"@id\":\"https:\\\/\\\/cards.kkiosk.ch\\\/fr\\\/#listItem\",\"name\":\"Home\"}}]},{\"@type\":\"ItemPage\",\"@id\":\"https:\\\/\\\/cards.kkiosk.ch\\\/fr\\\/faq\\\/#itempage\",\"url\":\"https:\\\/\\\/cards.kkiosk.ch\\\/fr\\\/faq\\\/\",\"name\":\"FAQ \\u2192 Carte-cadeau num\\u00e9rique, livraison instantan\\u00e9e | cards.kkiosk.ch\",\"description\":\"Bienvenue sur la boutique de cartes cadeaux de k kiosk Nous faisons partie de Valora Suisse SA et souhaitons t'offrir la possibilit\\u00e9 d'offrir ou d'utiliser toi-m\\u00eame un large assortiment de ch\\u00e8ques-cadeaux et autres cartes de valeur. Tu as une question ? Tu trouveras ici les r\\u00e9ponses aux questions les plus fr\\u00e9quemment pos\\u00e9es. Tu peux \\u00e9galement\",\"inLanguage\":\"fr\",\"isPartOf\":{\"@id\":\"https:\\\/\\\/cards.kkiosk.ch\\\/fr\\\/#website\"},\"breadcrumb\":{\"@id\":\"https:\\\/\\\/cards.kkiosk.ch\\\/fr\\\/faq\\\/#breadcrumblist\"},\"datePublished\":\"2022-12-22T16:54:52+01:00\",\"dateModified\":\"2023-03-03T12:19:02+01:00\"},{\"@type\":\"Organization\",\"@id\":\"https:\\\/\\\/cards.kkiosk.ch\\\/fr\\\/#organization\",\"name\":\"Valora Schweiz AG\",\"description\":\"Boutique suisse de cartes-cadeaux et cr\\u00e9dits num\\u00e9riques : Apple, Paysafecard, Google Play, Bitcoin\\u2026 Paiement s\\u00e9curis\\u00e9, code instantan\\u00e9 par e-mail.\",\"url\":\"https:\\\/\\\/cards.kkiosk.ch\\\/fr\\\/\",\"telephone\":\"+41614672020\",\"logo\":{\"@type\":\"ImageObject\",\"url\":\"https:\\\/\\\/cards.kkiosk.ch\\\/wp-content\\\/uploads\\\/2023\\\/03\\\/cropped-cards-kkiosk-favicon-black-e1677911898508.png\",\"@id\":\"https:\\\/\\\/cards.kkiosk.ch\\\/fr\\\/faq\\\/#organizationLogo\",\"width\":512,\"height\":512},\"image\":{\"@id\":\"https:\\\/\\\/cards.kkiosk.ch\\\/fr\\\/faq\\\/#organizationLogo\"},\"sameAs\":[\"https:\\\/\\\/www.facebook.com\\\/kkiosk\",\"https:\\\/\\\/www.instagram.com\\\/k_kiosk\\\/\",\"https:\\\/\\\/www.pinterest.com\\\/cards0056\\\/\",\"https:\\\/\\\/www.youtube.com\\\/user\\\/my1kkiosk\"]},{\"@type\":\"WebPage\",\"@id\":\"https:\\\/\\\/cards.kkiosk.ch\\\/fr\\\/faq\\\/#webpage\",\"url\":\"https:\\\/\\\/cards.kkiosk.ch\\\/fr\\\/faq\\\/\",\"name\":\"FAQ \\u2192 Carte-cadeau num\\u00e9rique, livraison instantan\\u00e9e | cards.kkiosk.ch\",\"description\":\"Bienvenue sur la boutique de cartes cadeaux de k kiosk Nous faisons partie de Valora Suisse SA et souhaitons t'offrir la possibilit\\u00e9 d'offrir ou d'utiliser toi-m\\u00eame un large assortiment de ch\\u00e8ques-cadeaux et autres cartes de valeur. Tu as une question ? Tu trouveras ici les r\\u00e9ponses aux questions les plus fr\\u00e9quemment pos\\u00e9es. Tu peux \\u00e9galement\",\"inLanguage\":\"fr\",\"isPartOf\":{\"@id\":\"https:\\\/\\\/cards.kkiosk.ch\\\/fr\\\/#website\"},\"breadcrumb\":{\"@id\":\"https:\\\/\\\/cards.kkiosk.ch\\\/fr\\\/faq\\\/#breadcrumblist\"},\"datePublished\":\"2022-12-22T16:54:52+01:00\",\"dateModified\":\"2023-03-03T12:19:02+01:00\"},{\"@type\":\"WebSite\",\"@id\":\"https:\\\/\\\/cards.kkiosk.ch\\\/fr\\\/#website\",\"url\":\"https:\\\/\\\/cards.kkiosk.ch\\\/fr\\\/\",\"name\":\"cards.kkiosk.ch\",\"alternateName\":\"cards\",\"description\":\"Boutique suisse de cartes-cadeaux et cr\\u00e9dits num\\u00e9riques : Apple, Paysafecard, Google Play, Bitcoin\\u2026 Paiement s\\u00e9curis\\u00e9, code instantan\\u00e9 par e-mail.\",\"inLanguage\":\"fr\",\"publisher\":{\"@id\":\"https:\\\/\\\/cards.kkiosk.ch\\\/fr\\\/#organization\"}}]}\n\t\t<\/script>\n\t\t<!-- All in One SEO Pro -->\r\n\t\t<title>FAQ \u2192 Carte-cadeau num\u00e9rique, livraison instantan\u00e9e | cards.kkiosk.ch<\/title>\n\n","aioseo_head_json":{"title":"FAQ \u2192 Carte-cadeau num\u00e9rique, livraison instantan\u00e9e | cards.kkiosk.ch","description":"Bienvenue sur la boutique de cartes cadeaux de k kiosk Nous faisons partie de Valora Suisse SA et souhaitons t'offrir la possibilit\u00e9 d'offrir ou d'utiliser toi-m\u00eame un large assortiment de ch\u00e8ques-cadeaux et autres cartes de valeur. Tu as une question ? Tu trouveras ici les r\u00e9ponses aux questions les plus fr\u00e9quemment pos\u00e9es. Tu peux \u00e9galement","canonical_url":"https:\/\/cards.kkiosk.ch\/fr\/faq\/","robots":"max-image-preview:large","keywords":"","webmasterTools":{"google-site-verification":"rYn5PCbh0_K_BKTjpqwAZI5rFXpv5c-SV5eHdmLHhr0","msvalidate.01":"D078CE645D623BFE38BB58E6D03E005A","miscellaneous":""},"schema":{"@context":"https:\/\/schema.org","@graph":[{"@type":"BreadcrumbList","@id":"https:\/\/cards.kkiosk.ch\/fr\/faq\/#breadcrumblist","itemListElement":[{"@type":"ListItem","@id":"https:\/\/cards.kkiosk.ch\/fr\/#listItem","position":1,"name":"Home","item":"https:\/\/cards.kkiosk.ch\/fr\/","nextItem":{"@type":"ListItem","@id":"https:\/\/cards.kkiosk.ch\/fr\/faq\/#listItem","name":"FAQ"}},{"@type":"ListItem","@id":"https:\/\/cards.kkiosk.ch\/fr\/faq\/#listItem","position":2,"name":"FAQ","previousItem":{"@type":"ListItem","@id":"https:\/\/cards.kkiosk.ch\/fr\/#listItem","name":"Home"}}]},{"@type":"ItemPage","@id":"https:\/\/cards.kkiosk.ch\/fr\/faq\/#itempage","url":"https:\/\/cards.kkiosk.ch\/fr\/faq\/","name":"FAQ \u2192 Carte-cadeau num\u00e9rique, livraison instantan\u00e9e | cards.kkiosk.ch","description":"Bienvenue sur la boutique de cartes cadeaux de k kiosk Nous faisons partie de Valora Suisse SA et souhaitons t'offrir la possibilit\u00e9 d'offrir ou d'utiliser toi-m\u00eame un large assortiment de ch\u00e8ques-cadeaux et autres cartes de valeur. Tu as une question ? Tu trouveras ici les r\u00e9ponses aux questions les plus fr\u00e9quemment pos\u00e9es. Tu peux \u00e9galement","inLanguage":"fr","isPartOf":{"@id":"https:\/\/cards.kkiosk.ch\/fr\/#website"},"breadcrumb":{"@id":"https:\/\/cards.kkiosk.ch\/fr\/faq\/#breadcrumblist"},"datePublished":"2022-12-22T16:54:52+01:00","dateModified":"2023-03-03T12:19:02+01:00"},{"@type":"Organization","@id":"https:\/\/cards.kkiosk.ch\/fr\/#organization","name":"Valora Schweiz AG","description":"Boutique suisse de cartes-cadeaux et cr\u00e9dits num\u00e9riques : Apple, Paysafecard, Google Play, Bitcoin\u2026 Paiement s\u00e9curis\u00e9, code instantan\u00e9 par e-mail.","url":"https:\/\/cards.kkiosk.ch\/fr\/","telephone":"+41614672020","logo":{"@type":"ImageObject","url":"https:\/\/cards.kkiosk.ch\/wp-content\/uploads\/2023\/03\/cropped-cards-kkiosk-favicon-black-e1677911898508.png","@id":"https:\/\/cards.kkiosk.ch\/fr\/faq\/#organizationLogo","width":512,"height":512},"image":{"@id":"https:\/\/cards.kkiosk.ch\/fr\/faq\/#organizationLogo"},"sameAs":["https:\/\/www.facebook.com\/kkiosk","https:\/\/www.instagram.com\/k_kiosk\/","https:\/\/www.pinterest.com\/cards0056\/","https:\/\/www.youtube.com\/user\/my1kkiosk"]},{"@type":"WebPage","@id":"https:\/\/cards.kkiosk.ch\/fr\/faq\/#webpage","url":"https:\/\/cards.kkiosk.ch\/fr\/faq\/","name":"FAQ \u2192 Carte-cadeau num\u00e9rique, livraison instantan\u00e9e | cards.kkiosk.ch","description":"Bienvenue sur la boutique de cartes cadeaux de k kiosk Nous faisons partie de Valora Suisse SA et souhaitons t'offrir la possibilit\u00e9 d'offrir ou d'utiliser toi-m\u00eame un large assortiment de ch\u00e8ques-cadeaux et autres cartes de valeur. Tu as une question ? Tu trouveras ici les r\u00e9ponses aux questions les plus fr\u00e9quemment pos\u00e9es. Tu peux \u00e9galement","inLanguage":"fr","isPartOf":{"@id":"https:\/\/cards.kkiosk.ch\/fr\/#website"},"breadcrumb":{"@id":"https:\/\/cards.kkiosk.ch\/fr\/faq\/#breadcrumblist"},"datePublished":"2022-12-22T16:54:52+01:00","dateModified":"2023-03-03T12:19:02+01:00"},{"@type":"WebSite","@id":"https:\/\/cards.kkiosk.ch\/fr\/#website","url":"https:\/\/cards.kkiosk.ch\/fr\/","name":"cards.kkiosk.ch","alternateName":"cards","description":"Boutique suisse de cartes-cadeaux et cr\u00e9dits num\u00e9riques : Apple, Paysafecard, Google Play, Bitcoin\u2026 Paiement s\u00e9curis\u00e9, code instantan\u00e9 par e-mail.","inLanguage":"fr","publisher":{"@id":"https:\/\/cards.kkiosk.ch\/fr\/#organization"}}]},"og:locale":"fr_FR","og:site_name":"Carte-cadeau num\u00e9rique, livraison instantan\u00e9e | cards.kkiosk.ch \u2192 Boutique suisse de cartes-cadeaux et cr\u00e9dits num\u00e9riques : Apple, Paysafecard, Google Play, Bitcoin\u2026 Paiement s\u00e9curis\u00e9, code instantan\u00e9 par e-mail.","og:type":"article","og:title":"FAQ \u2192 Carte-cadeau num\u00e9rique, livraison instantan\u00e9e | cards.kkiosk.ch","og:description":"Bienvenue sur la boutique de cartes cadeaux de k kiosk Nous faisons partie de Valora Suisse SA et souhaitons t'offrir la possibilit\u00e9 d'offrir ou d'utiliser toi-m\u00eame un large assortiment de ch\u00e8ques-cadeaux et autres cartes de valeur. Tu as une question ? Tu trouveras ici les r\u00e9ponses aux questions les plus fr\u00e9quemment pos\u00e9es. Tu peux \u00e9galement","og:url":"https:\/\/cards.kkiosk.ch\/fr\/faq\/","og:image":"https:\/\/cards.kkiosk.ch\/wp-content\/uploads\/2023\/03\/cropped-cards-kkiosk-favicon-black-e1677911898508.png","og:image:secure_url":"https:\/\/cards.kkiosk.ch\/wp-content\/uploads\/2023\/03\/cropped-cards-kkiosk-favicon-black-e1677911898508.png","og:image:width":512,"og:image:height":512,"article:published_time":"2022-12-22T14:54:52+00:00","article:modified_time":"2023-03-03T11:19:02+00:00","article:publisher":"https:\/\/www.facebook.com\/kkiosk","twitter:card":"summary_large_image","twitter:title":"FAQ \u2192 Carte-cadeau num\u00e9rique, livraison instantan\u00e9e | cards.kkiosk.ch","twitter:description":"Bienvenue sur la boutique de cartes cadeaux de k kiosk Nous faisons partie de Valora Suisse SA et souhaitons t'offrir la possibilit\u00e9 d'offrir ou d'utiliser toi-m\u00eame un large assortiment de ch\u00e8ques-cadeaux et autres cartes de valeur. Tu as une question ? Tu trouveras ici les r\u00e9ponses aux questions les plus fr\u00e9quemment pos\u00e9es. Tu peux \u00e9galement","twitter:image":"https:\/\/cards.kkiosk.ch\/wp-content\/uploads\/2023\/03\/cropped-cards-kkiosk-favicon-black-e1677911898508.png"},"aioseo_meta_data":{"post_id":"3850","title":null,"description":null,"keywords":[],"keyphrases":{"focus":{"keyphrase":"","score":0,"analysis":{"keyphraseInTitle":{"score":0,"maxScore":9,"error":1}}},"additional":[]},"primary_term":null,"canonical_url":null,"og_title":null,"og_description":null,"og_object_type":"default","og_image_type":"default","og_image_url":null,"og_image_width":null,"og_image_height":null,"og_image_custom_url":null,"og_image_custom_fields":null,"og_video":"","og_custom_url":null,"og_article_section":null,"og_article_tags":[],"twitter_use_og":false,"twitter_card":"default","twitter_image_type":"default","twitter_image_url":null,"twitter_image_custom_url":null,"twitter_image_custom_fields":null,"twitter_title":null,"twitter_description":null,"schema":{"blockGraphs":[],"customGraphs":[],"default":{"data":{"Article":[],"Course":[],"Dataset":[],"FAQPage":[],"Movie":[],"Person":[],"Product":[],"ProductReview":[],"Car":[],"Recipe":[],"Service":[],"SoftwareApplication":[],"WebPage":[]},"graphName":"WebPage","isEnabled":true},"graphs":[]},"schema_type":"default","schema_type_options":null,"pillar_content":false,"robots_default":true,"robots_noindex":false,"robots_noarchive":false,"robots_nosnippet":false,"robots_nofollow":false,"robots_noimageindex":false,"robots_noodp":false,"robots_notranslate":false,"robots_max_snippet":"-1","robots_max_videopreview":"-1","robots_max_imagepreview":"large","priority":null,"frequency":"default","local_seo":null,"seo_analyzer_scan_date":"2025-08-22 20:58:14","breadcrumb_settings":null,"limit_modified_date":false,"open_ai":null,"ai":null,"created":"2023-02-28 14:10:37","updated":"2025-10-21 20:40:28"},"aioseo_breadcrumb":"<div class=\"aioseo-breadcrumbs\"><span class=\"aioseo-breadcrumb\">\n\t<a href=\"https:\/\/cards.kkiosk.ch\/fr\/\" title=\"Home\">Home<\/a>\n<\/span><span class=\"aioseo-breadcrumb-separator\">\u2192<\/span><span class=\"aioseo-breadcrumb\">\n\tFAQ\n<\/span><\/div>","aioseo_breadcrumb_json":[{"label":"Home","link":"https:\/\/cards.kkiosk.ch\/fr\/"},{"label":"FAQ","link":"https:\/\/cards.kkiosk.ch\/fr\/faq\/"}],"_links":{"self":[{"href":"https:\/\/cards.kkiosk.ch\/fr\/wp-json\/wp\/v2\/pages\/3850","targetHints":{"allow":["GET"]}}],"collection":[{"href":"https:\/\/cards.kkiosk.ch\/fr\/wp-json\/wp\/v2\/pages"}],"about":[{"href":"https:\/\/cards.kkiosk.ch\/fr\/wp-json\/wp\/v2\/types\/page"}],"author":[{"embeddable":true,"href":"https:\/\/cards.kkiosk.ch\/fr\/wp-json\/wp\/v2\/users\/2"}],"replies":[{"embeddable":true,"href":"https:\/\/cards.kkiosk.ch\/fr\/wp-json\/wp\/v2\/comments?post=3850"}],"version-history":[{"count":0,"href":"https:\/\/cards.kkiosk.ch\/fr\/wp-json\/wp\/v2\/pages\/3850\/revisions"}],"wp:attachment":[{"href":"https:\/\/cards.kkiosk.ch\/fr\/wp-json\/wp\/v2\/media?parent=3850"}],"curies":[{"name":"wp","href":"https:\/\/api.w.org\/{rel}","templated":true}]}}