{"id":3023,"date":"2022-12-30T11:52:13","date_gmt":"2022-12-30T09:52:13","guid":{"rendered":"https:\/\/wp-test.ssp.smarts.hr\/accueil\/"},"modified":"2024-07-02T07:07:55","modified_gmt":"2024-07-02T05:07:55","slug":"accueil","status":"publish","type":"page","link":"https:\/\/cards.kkiosk.ch\/fr\/","title":{"rendered":"Accueil"},"content":{"rendered":"","protected":false},"excerpt":{"rendered":"","protected":false},"author":2,"featured_media":0,"parent":0,"menu_order":0,"comment_status":"closed","ping_status":"closed","template":"","meta":{"_acf_changed":false,"footnotes":""},"class_list":["post-3023","page","type-page","status-publish","hentry"],"acf":[],"aioseo_notices":[],"aioseo_head":"\n\t\t<!-- All in One SEO Pro 4.9.6.2 - aioseo.com -->\n\t<meta name=\"description\" content=\"Boutique suisse de cartes-cadeaux et cr\u00e9dits num\u00e9riques : Apple, Paysafecard, Google Play, Bitcoin\u2026 Paiement s\u00e9curis\u00e9, code instantan\u00e9 par e-mail.\" \/>\n\t<meta name=\"robots\" content=\"max-image-preview:large\" \/>\n\t<meta name=\"google-site-verification\" content=\"rYn5PCbh0_K_BKTjpqwAZI5rFXpv5c-SV5eHdmLHhr0\" \/>\n\t<meta name=\"msvalidate.01\" content=\"D078CE645D623BFE38BB58E6D03E005A\" \/>\n\t<link rel=\"canonical\" href=\"https:\/\/cards.kkiosk.ch\/fr\/\" \/>\n\t<meta name=\"generator\" content=\"All in One SEO Pro (AIOSEO) 4.9.6.2\" \/>\n\t\t<meta property=\"og:locale\" content=\"fr_FR\" \/>\n\t\t<meta property=\"og:site_name\" content=\"Carte-cadeau num\u00e9rique, livraison instantan\u00e9e | cards.kkiosk.ch \u2192 Boutique suisse de cartes-cadeaux et cr\u00e9dits num\u00e9riques : Apple, Paysafecard, Google Play, Bitcoin\u2026 Paiement s\u00e9curis\u00e9, code instantan\u00e9 par e-mail.\" \/>\n\t\t<meta property=\"og:type\" content=\"website\" \/>\n\t\t<meta property=\"og:title\" content=\"Carte-cadeau num\u00e9rique, livraison instantan\u00e9e | cards.kkiosk.ch\" \/>\n\t\t<meta property=\"og:description\" content=\"Boutique suisse de cartes-cadeaux et cr\u00e9dits num\u00e9riques : Apple, Paysafecard, Google Play, Bitcoin\u2026 Paiement s\u00e9curis\u00e9, code instantan\u00e9 par e-mail.\" \/>\n\t\t<meta property=\"og:url\" content=\"https:\/\/cards.kkiosk.ch\/fr\/\" \/>\n\t\t<meta property=\"og:image\" content=\"https:\/\/cards.kkiosk.ch\/wp-content\/uploads\/2023\/03\/cropped-cards-kkiosk-favicon-black-e1677911898508.png\" \/>\n\t\t<meta property=\"og:image:secure_url\" content=\"https:\/\/cards.kkiosk.ch\/wp-content\/uploads\/2023\/03\/cropped-cards-kkiosk-favicon-black-e1677911898508.png\" \/>\n\t\t<meta property=\"og:image:width\" content=\"512\" \/>\n\t\t<meta property=\"og:image:height\" content=\"512\" \/>\n\t\t<meta name=\"twitter:card\" content=\"summary_large_image\" \/>\n\t\t<meta name=\"twitter:title\" content=\"Carte-cadeau num\u00e9rique, livraison instantan\u00e9e | cards.kkiosk.ch\" \/>\n\t\t<meta name=\"twitter:description\" content=\"Boutique suisse de cartes-cadeaux et cr\u00e9dits num\u00e9riques : Apple, Paysafecard, Google Play, Bitcoin\u2026 Paiement s\u00e9curis\u00e9, code instantan\u00e9 par e-mail.\" \/>\n\t\t<meta name=\"twitter:image\" content=\"https:\/\/cards.kkiosk.ch\/wp-content\/uploads\/2023\/03\/cropped-cards-kkiosk-favicon-black-e1677911898508.png\" \/>\n\t\t<script type=\"application\/ld+json\" class=\"aioseo-schema\">\n\t\t\t{\"@context\":\"https:\\\/\\\/schema.org\",\"@graph\":[{\"@type\":\"BreadcrumbList\",\"@id\":\"https:\\\/\\\/cards.kkiosk.ch\\\/fr\\\/#breadcrumblist\",\"itemListElement\":[{\"@type\":\"ListItem\",\"@id\":\"https:\\\/\\\/cards.kkiosk.ch\\\/fr\\\/#listItem\",\"position\":1,\"name\":\"Home\",\"item\":\"https:\\\/\\\/cards.kkiosk.ch\\\/fr\\\/\",\"nextItem\":{\"@type\":\"ListItem\",\"@id\":\"https:\\\/\\\/cards.kkiosk.ch\\\/fr\\\/#listItem\",\"name\":\"Accueil\"}},{\"@type\":\"ListItem\",\"@id\":\"https:\\\/\\\/cards.kkiosk.ch\\\/fr\\\/#listItem\",\"position\":2,\"name\":\"Accueil\",\"previousItem\":{\"@type\":\"ListItem\",\"@id\":\"https:\\\/\\\/cards.kkiosk.ch\\\/fr\\\/#listItem\",\"name\":\"Home\"}}]},{\"@type\":\"ItemPage\",\"@id\":\"https:\\\/\\\/cards.kkiosk.ch\\\/fr\\\/#itempage\",\"url\":\"https:\\\/\\\/cards.kkiosk.ch\\\/fr\\\/\",\"name\":\"Carte-cadeau num\\u00e9rique, livraison instantan\\u00e9e | cards.kkiosk.ch\",\"description\":\"Boutique suisse de cartes-cadeaux et cr\\u00e9dits num\\u00e9riques : Apple, Paysafecard, Google Play, Bitcoin\\u2026 Paiement s\\u00e9curis\\u00e9, code instantan\\u00e9 par e-mail.\",\"inLanguage\":\"fr\",\"isPartOf\":{\"@id\":\"https:\\\/\\\/cards.kkiosk.ch\\\/fr\\\/#website\"},\"breadcrumb\":{\"@id\":\"https:\\\/\\\/cards.kkiosk.ch\\\/fr\\\/#breadcrumblist\"},\"datePublished\":\"2022-12-30T11:52:13+01:00\",\"dateModified\":\"2024-07-02T07:07:55+02:00\"},{\"@type\":\"Organization\",\"@id\":\"https:\\\/\\\/cards.kkiosk.ch\\\/fr\\\/#organization\",\"name\":\"Valora Schweiz AG\",\"description\":\"Boutique suisse de cartes-cadeaux et cr\\u00e9dits num\\u00e9riques : Apple, Paysafecard, Google Play, Bitcoin\\u2026 Paiement s\\u00e9curis\\u00e9, code instantan\\u00e9 par e-mail.\",\"url\":\"https:\\\/\\\/cards.kkiosk.ch\\\/fr\\\/\",\"telephone\":\"+41614672020\",\"logo\":{\"@type\":\"ImageObject\",\"url\":\"https:\\\/\\\/cards.kkiosk.ch\\\/wp-content\\\/uploads\\\/2023\\\/03\\\/cropped-cards-kkiosk-favicon-black-e1677911898508.png\",\"@id\":\"https:\\\/\\\/cards.kkiosk.ch\\\/fr\\\/#organizationLogo\",\"width\":512,\"height\":512},\"image\":{\"@id\":\"https:\\\/\\\/cards.kkiosk.ch\\\/fr\\\/#organizationLogo\"},\"sameAs\":[\"https:\\\/\\\/www.facebook.com\\\/kkiosk\",\"https:\\\/\\\/www.instagram.com\\\/k_kiosk\\\/\",\"https:\\\/\\\/www.pinterest.com\\\/cards0056\\\/\",\"https:\\\/\\\/www.youtube.com\\\/user\\\/my1kkiosk\"]},{\"@type\":\"WebPage\",\"@id\":\"https:\\\/\\\/cards.kkiosk.ch\\\/fr\\\/#webpage\",\"url\":\"https:\\\/\\\/cards.kkiosk.ch\\\/fr\\\/\",\"name\":\"Carte-cadeau num\\u00e9rique, livraison instantan\\u00e9e | cards.kkiosk.ch\",\"description\":\"Boutique suisse de cartes-cadeaux et cr\\u00e9dits num\\u00e9riques : Apple, Paysafecard, Google Play, Bitcoin\\u2026 Paiement s\\u00e9curis\\u00e9, code instantan\\u00e9 par e-mail.\",\"inLanguage\":\"fr\",\"isPartOf\":{\"@id\":\"https:\\\/\\\/cards.kkiosk.ch\\\/fr\\\/#website\"},\"breadcrumb\":{\"@id\":\"https:\\\/\\\/cards.kkiosk.ch\\\/fr\\\/#breadcrumblist\"},\"datePublished\":\"2022-12-30T11:52:13+01:00\",\"dateModified\":\"2024-07-02T07:07:55+02:00\"},{\"@type\":\"WebSite\",\"@id\":\"https:\\\/\\\/cards.kkiosk.ch\\\/fr\\\/#website\",\"url\":\"https:\\\/\\\/cards.kkiosk.ch\\\/fr\\\/\",\"name\":\"cards.kkiosk.ch\",\"alternateName\":\"cards\",\"description\":\"Boutique suisse de cartes-cadeaux et cr\\u00e9dits num\\u00e9riques : Apple, Paysafecard, Google Play, Bitcoin\\u2026 Paiement s\\u00e9curis\\u00e9, code instantan\\u00e9 par e-mail.\",\"inLanguage\":\"fr\",\"publisher\":{\"@id\":\"https:\\\/\\\/cards.kkiosk.ch\\\/fr\\\/#organization\"}}]}\n\t\t<\/script>\n\t\t<!-- All in One SEO Pro -->\r\n\t\t<title>Carte-cadeau num\u00e9rique, livraison instantan\u00e9e | cards.kkiosk.ch<\/title>\n\n","aioseo_head_json":{"title":"Carte-cadeau num\u00e9rique, livraison instantan\u00e9e | cards.kkiosk.ch","description":"Boutique suisse de cartes-cadeaux et cr\u00e9dits num\u00e9riques : Apple, Paysafecard, Google Play, Bitcoin\u2026 Paiement s\u00e9curis\u00e9, code instantan\u00e9 par e-mail.","canonical_url":"https:\/\/cards.kkiosk.ch\/fr\/","robots":"max-image-preview:large","keywords":"","webmasterTools":{"google-site-verification":"rYn5PCbh0_K_BKTjpqwAZI5rFXpv5c-SV5eHdmLHhr0","msvalidate.01":"D078CE645D623BFE38BB58E6D03E005A","miscellaneous":""},"schema":{"@context":"https:\/\/schema.org","@graph":[{"@type":"BreadcrumbList","@id":"https:\/\/cards.kkiosk.ch\/fr\/#breadcrumblist","itemListElement":[{"@type":"ListItem","@id":"https:\/\/cards.kkiosk.ch\/fr\/#listItem","position":1,"name":"Home","item":"https:\/\/cards.kkiosk.ch\/fr\/","nextItem":{"@type":"ListItem","@id":"https:\/\/cards.kkiosk.ch\/fr\/#listItem","name":"Accueil"}},{"@type":"ListItem","@id":"https:\/\/cards.kkiosk.ch\/fr\/#listItem","position":2,"name":"Accueil","previousItem":{"@type":"ListItem","@id":"https:\/\/cards.kkiosk.ch\/fr\/#listItem","name":"Home"}}]},{"@type":"ItemPage","@id":"https:\/\/cards.kkiosk.ch\/fr\/#itempage","url":"https:\/\/cards.kkiosk.ch\/fr\/","name":"Carte-cadeau num\u00e9rique, livraison instantan\u00e9e | cards.kkiosk.ch","description":"Boutique suisse de cartes-cadeaux et cr\u00e9dits num\u00e9riques : Apple, Paysafecard, Google Play, Bitcoin\u2026 Paiement s\u00e9curis\u00e9, code instantan\u00e9 par e-mail.","inLanguage":"fr","isPartOf":{"@id":"https:\/\/cards.kkiosk.ch\/fr\/#website"},"breadcrumb":{"@id":"https:\/\/cards.kkiosk.ch\/fr\/#breadcrumblist"},"datePublished":"2022-12-30T11:52:13+01:00","dateModified":"2024-07-02T07:07:55+02:00"},{"@type":"Organization","@id":"https:\/\/cards.kkiosk.ch\/fr\/#organization","name":"Valora Schweiz AG","description":"Boutique suisse de cartes-cadeaux et cr\u00e9dits num\u00e9riques : Apple, Paysafecard, Google Play, Bitcoin\u2026 Paiement s\u00e9curis\u00e9, code instantan\u00e9 par e-mail.","url":"https:\/\/cards.kkiosk.ch\/fr\/","telephone":"+41614672020","logo":{"@type":"ImageObject","url":"https:\/\/cards.kkiosk.ch\/wp-content\/uploads\/2023\/03\/cropped-cards-kkiosk-favicon-black-e1677911898508.png","@id":"https:\/\/cards.kkiosk.ch\/fr\/#organizationLogo","width":512,"height":512},"image":{"@id":"https:\/\/cards.kkiosk.ch\/fr\/#organizationLogo"},"sameAs":["https:\/\/www.facebook.com\/kkiosk","https:\/\/www.instagram.com\/k_kiosk\/","https:\/\/www.pinterest.com\/cards0056\/","https:\/\/www.youtube.com\/user\/my1kkiosk"]},{"@type":"WebPage","@id":"https:\/\/cards.kkiosk.ch\/fr\/#webpage","url":"https:\/\/cards.kkiosk.ch\/fr\/","name":"Carte-cadeau num\u00e9rique, livraison instantan\u00e9e | cards.kkiosk.ch","description":"Boutique suisse de cartes-cadeaux et cr\u00e9dits num\u00e9riques : Apple, Paysafecard, Google Play, Bitcoin\u2026 Paiement s\u00e9curis\u00e9, code instantan\u00e9 par e-mail.","inLanguage":"fr","isPartOf":{"@id":"https:\/\/cards.kkiosk.ch\/fr\/#website"},"breadcrumb":{"@id":"https:\/\/cards.kkiosk.ch\/fr\/#breadcrumblist"},"datePublished":"2022-12-30T11:52:13+01:00","dateModified":"2024-07-02T07:07:55+02:00"},{"@type":"WebSite","@id":"https:\/\/cards.kkiosk.ch\/fr\/#website","url":"https:\/\/cards.kkiosk.ch\/fr\/","name":"cards.kkiosk.ch","alternateName":"cards","description":"Boutique suisse de cartes-cadeaux et cr\u00e9dits num\u00e9riques : Apple, Paysafecard, Google Play, Bitcoin\u2026 Paiement s\u00e9curis\u00e9, code instantan\u00e9 par e-mail.","inLanguage":"fr","publisher":{"@id":"https:\/\/cards.kkiosk.ch\/fr\/#organization"}}]},"og:locale":"fr_FR","og:site_name":"Carte-cadeau num\u00e9rique, livraison instantan\u00e9e | cards.kkiosk.ch \u2192 Boutique suisse de cartes-cadeaux et cr\u00e9dits num\u00e9riques : Apple, Paysafecard, Google Play, Bitcoin\u2026 Paiement s\u00e9curis\u00e9, code instantan\u00e9 par e-mail.","og:type":"website","og:title":"Carte-cadeau num\u00e9rique, livraison instantan\u00e9e | cards.kkiosk.ch","og:description":"Boutique suisse de cartes-cadeaux et cr\u00e9dits num\u00e9riques : Apple, Paysafecard, Google Play, Bitcoin\u2026 Paiement s\u00e9curis\u00e9, code instantan\u00e9 par e-mail.","og:url":"https:\/\/cards.kkiosk.ch\/fr\/","og:image":"https:\/\/cards.kkiosk.ch\/wp-content\/uploads\/2023\/03\/cropped-cards-kkiosk-favicon-black-e1677911898508.png","og:image:secure_url":"https:\/\/cards.kkiosk.ch\/wp-content\/uploads\/2023\/03\/cropped-cards-kkiosk-favicon-black-e1677911898508.png","og:image:width":512,"og:image:height":512,"twitter:card":"summary_large_image","twitter:title":"Carte-cadeau num\u00e9rique, livraison instantan\u00e9e | cards.kkiosk.ch","twitter:description":"Boutique suisse de cartes-cadeaux et cr\u00e9dits num\u00e9riques : Apple, Paysafecard, Google Play, Bitcoin\u2026 Paiement s\u00e9curis\u00e9, code instantan\u00e9 par e-mail.","twitter:image":"https:\/\/cards.kkiosk.ch\/wp-content\/uploads\/2023\/03\/cropped-cards-kkiosk-favicon-black-e1677911898508.png"},"aioseo_meta_data":{"post_id":"3023","title":"#site_title","description":"#tagline","keywords":[],"keyphrases":{"focus":{"keyphrase":"","score":0,"analysis":{"keyphraseInTitle":{"score":0,"maxScore":9,"error":1}}},"additional":[]},"primary_term":null,"canonical_url":null,"og_title":null,"og_description":null,"og_object_type":"website","og_image_type":"default","og_image_url":null,"og_image_width":null,"og_image_height":null,"og_image_custom_url":null,"og_image_custom_fields":null,"og_video":"","og_custom_url":null,"og_article_section":null,"og_article_tags":[],"twitter_use_og":false,"twitter_card":"default","twitter_image_type":"default","twitter_image_url":null,"twitter_image_custom_url":null,"twitter_image_custom_fields":null,"twitter_title":null,"twitter_description":null,"schema":{"blockGraphs":[],"customGraphs":[],"default":{"data":{"Article":[],"Course":[],"Dataset":[],"FAQPage":[],"Movie":[],"Person":[],"Product":[],"ProductReview":[],"Car":[],"Recipe":[],"Service":[],"SoftwareApplication":[],"WebPage":[]},"graphName":"ItemPage","isEnabled":true},"graphs":[]},"schema_type":"default","schema_type_options":null,"pillar_content":true,"robots_default":true,"robots_noindex":false,"robots_noarchive":false,"robots_nosnippet":false,"robots_nofollow":false,"robots_noimageindex":false,"robots_noodp":false,"robots_notranslate":false,"robots_max_snippet":"-1","robots_max_videopreview":"-1","robots_max_imagepreview":"large","priority":null,"frequency":"default","local_seo":null,"seo_analyzer_scan_date":"2025-08-22 20:58:15","breadcrumb_settings":null,"limit_modified_date":false,"open_ai":"{\"title\":{\"suggestions\":[],\"usage\":0},\"description\":{\"suggestions\":[],\"usage\":0}}","ai":null,"created":"2023-02-28 14:10:37","updated":"2026-04-30 06:46:22"},"aioseo_breadcrumb":"<div class=\"aioseo-breadcrumbs\"><span class=\"aioseo-breadcrumb\">\n\t<a href=\"https:\/\/cards.kkiosk.ch\/fr\/\" title=\"Home\">Home<\/a>\n<\/span><span class=\"aioseo-breadcrumb-separator\">\u2192<\/span><span class=\"aioseo-breadcrumb\">\n\tAccueil\n<\/span><\/div>","aioseo_breadcrumb_json":[{"label":"Home","link":"https:\/\/cards.kkiosk.ch\/fr\/"},{"label":"Accueil","link":"https:\/\/cards.kkiosk.ch\/fr\/"}],"_links":{"self":[{"href":"https:\/\/cards.kkiosk.ch\/fr\/wp-json\/wp\/v2\/pages\/3023","targetHints":{"allow":["GET"]}}],"collection":[{"href":"https:\/\/cards.kkiosk.ch\/fr\/wp-json\/wp\/v2\/pages"}],"about":[{"href":"https:\/\/cards.kkiosk.ch\/fr\/wp-json\/wp\/v2\/types\/page"}],"author":[{"embeddable":true,"href":"https:\/\/cards.kkiosk.ch\/fr\/wp-json\/wp\/v2\/users\/2"}],"replies":[{"embeddable":true,"href":"https:\/\/cards.kkiosk.ch\/fr\/wp-json\/wp\/v2\/comments?post=3023"}],"version-history":[{"count":0,"href":"https:\/\/cards.kkiosk.ch\/fr\/wp-json\/wp\/v2\/pages\/3023\/revisions"}],"wp:attachment":[{"href":"https:\/\/cards.kkiosk.ch\/fr\/wp-json\/wp\/v2\/media?parent=3023"}],"curies":[{"name":"wp","href":"https:\/\/api.w.org\/{rel}","templated":true}]}}