{"id":3006,"date":"2022-12-14T17:52:09","date_gmt":"2022-12-14T16:52:09","guid":{"rendered":"https:\/\/wp-test.ssp.smarts.hr\/mentions-legales\/"},"modified":"2023-03-03T11:55:31","modified_gmt":"2023-03-03T10:55:31","slug":"mentions-legales","status":"publish","type":"page","link":"https:\/\/cards.kkiosk.ch\/fr\/mentions-legales\/","title":{"rendered":"Mentions l\u00e9gales"},"content":{"rendered":"<div class=\"wps_impressum_wrapper\">\n<div class=\"wps_impressum_inner\">\n<div class=\"wps_impressum_inner_box kiosk\">\n<h2>Responsable du contenu<\/h2>\n<ul>\n<li class=\"name\">Valora Suisse SA<\/li>\n<li class=\"address\">Hofackerstrasse 40<br \/>\n4132 Muttenz<br \/>\nSuisse<\/li>\n<li class=\"mail\">Courrier \u00e9lectronique : <a href=\"mailto:support.cards@kkiosk.ch\" target=\"_blank\" rel=\"noopener\">support.cards@kkiosk.ch<\/a><\/li>\n<li class=\"web\">Web: <a href=\"https:\/\/cards.kkiosk.ch\/fr\/\">cards.kkiosk.ch<\/a><\/li>\n<li>T\u00e9l\u00e9phone : 061\/467\u201820\u201820<\/li>\n<\/ul>\n<\/div>\n<div class=\"wps_impressum_inner_box smarts\">\n<h2>R\u00e9alisation du site web<\/h2>\n<ul>\n<li class=\"name\">Smarts d.o.o<\/li>\n<li class=\"address\">Pilepici 11<br \/>\n51000 Rijeka<br \/>\nCroatie<\/li>\n<li class=\"mail\">Courrier \u00e9lectronique : <a href=\"mailto:info@smarts.hr\" target=\"_blank\" rel=\"noopener\">info@smarts.hr<\/a><\/li>\n<li class=\"web\">Web : <a href=\"https:\/\/www.smarts.hr\/\" target=\"_blank\" rel=\"noopener\">www.smarts.hr<\/a><\/li>\n<li>\n<\/li>\n<\/ul>\n<\/div>\n<\/div>\n<\/div>\n","protected":false},"excerpt":{"rendered":"<p>Responsable du contenu Valora Suisse SA Hofackerstrasse 40 4132 Muttenz Suisse Courrier \u00e9lectronique : support.cards@kkiosk.ch Web: cards.kkiosk.ch T\u00e9l\u00e9phone : 061\/467\u201820\u201820 R\u00e9alisation du site web Smarts d.o.o Pilepici 11 51000 Rijeka Croatie Courrier \u00e9lectronique : info@smarts.hr Web : www.smarts.hr<\/p>\n","protected":false},"author":2,"featured_media":0,"parent":0,"menu_order":0,"comment_status":"closed","ping_status":"closed","template":"","meta":{"_acf_changed":false,"footnotes":""},"class_list":["post-3006","page","type-page","status-publish","hentry"],"acf":[],"aioseo_notices":[],"aioseo_head":"\n\t\t<!-- All in One SEO Pro 4.9.6.2 - aioseo.com -->\n\t<meta name=\"description\" content=\"Responsable du contenu Valora Suisse SA Hofackerstrasse 40 4132 Muttenz Suisse Courrier \u00e9lectronique : support.cards@kkiosk.ch Web: cards.kkiosk.ch T\u00e9l\u00e9phone : 061\/467\u201820\u201820 R\u00e9alisation du site web Smarts d.o.o Pilepici 11 51000 Rijeka Croatie Courrier \u00e9lectronique : info@smarts.hr Web : www.smarts.hr\" \/>\n\t<meta name=\"robots\" content=\"max-image-preview:large\" \/>\n\t<meta name=\"google-site-verification\" content=\"rYn5PCbh0_K_BKTjpqwAZI5rFXpv5c-SV5eHdmLHhr0\" \/>\n\t<meta name=\"msvalidate.01\" content=\"D078CE645D623BFE38BB58E6D03E005A\" \/>\n\t<link rel=\"canonical\" href=\"https:\/\/cards.kkiosk.ch\/fr\/mentions-legales\/\" \/>\n\t<meta name=\"generator\" content=\"All in One SEO Pro (AIOSEO) 4.9.6.2\" \/>\n\t\t<meta property=\"og:locale\" content=\"fr_FR\" \/>\n\t\t<meta property=\"og:site_name\" content=\"Carte-cadeau num\u00e9rique, livraison instantan\u00e9e | cards.kkiosk.ch \u2192 Boutique suisse de cartes-cadeaux et cr\u00e9dits num\u00e9riques : Apple, Paysafecard, Google Play, Bitcoin\u2026 Paiement s\u00e9curis\u00e9, code instantan\u00e9 par e-mail.\" \/>\n\t\t<meta property=\"og:type\" content=\"article\" \/>\n\t\t<meta property=\"og:title\" content=\"Mentions l\u00e9gales \u2192 Carte-cadeau num\u00e9rique, livraison instantan\u00e9e | cards.kkiosk.ch\" \/>\n\t\t<meta property=\"og:description\" content=\"Responsable du contenu Valora Suisse SA Hofackerstrasse 40 4132 Muttenz Suisse Courrier \u00e9lectronique : support.cards@kkiosk.ch Web: cards.kkiosk.ch T\u00e9l\u00e9phone : 061\/467\u201820\u201820 R\u00e9alisation du site web Smarts d.o.o Pilepici 11 51000 Rijeka Croatie Courrier \u00e9lectronique : info@smarts.hr Web : www.smarts.hr\" \/>\n\t\t<meta property=\"og:url\" content=\"https:\/\/cards.kkiosk.ch\/fr\/mentions-legales\/\" \/>\n\t\t<meta property=\"og:image\" content=\"https:\/\/cards.kkiosk.ch\/wp-content\/uploads\/2023\/03\/cropped-cards-kkiosk-favicon-black-e1677911898508.png\" \/>\n\t\t<meta property=\"og:image:secure_url\" content=\"https:\/\/cards.kkiosk.ch\/wp-content\/uploads\/2023\/03\/cropped-cards-kkiosk-favicon-black-e1677911898508.png\" \/>\n\t\t<meta property=\"og:image:width\" content=\"512\" \/>\n\t\t<meta property=\"og:image:height\" content=\"512\" \/>\n\t\t<meta property=\"article:published_time\" content=\"2022-12-14T16:52:09+00:00\" \/>\n\t\t<meta property=\"article:modified_time\" content=\"2023-03-03T10:55:31+00:00\" \/>\n\t\t<meta property=\"article:publisher\" content=\"https:\/\/www.facebook.com\/kkiosk\" \/>\n\t\t<meta name=\"twitter:card\" content=\"summary_large_image\" \/>\n\t\t<meta name=\"twitter:title\" content=\"Mentions l\u00e9gales \u2192 Carte-cadeau num\u00e9rique, livraison instantan\u00e9e | cards.kkiosk.ch\" \/>\n\t\t<meta name=\"twitter:description\" content=\"Responsable du contenu Valora Suisse SA Hofackerstrasse 40 4132 Muttenz Suisse Courrier \u00e9lectronique : support.cards@kkiosk.ch Web: cards.kkiosk.ch T\u00e9l\u00e9phone : 061\/467\u201820\u201820 R\u00e9alisation du site web Smarts d.o.o Pilepici 11 51000 Rijeka Croatie Courrier \u00e9lectronique : info@smarts.hr Web : www.smarts.hr\" \/>\n\t\t<meta name=\"twitter:image\" content=\"https:\/\/cards.kkiosk.ch\/wp-content\/uploads\/2023\/03\/cropped-cards-kkiosk-favicon-black-e1677911898508.png\" \/>\n\t\t<script type=\"application\/ld+json\" class=\"aioseo-schema\">\n\t\t\t{\"@context\":\"https:\\\/\\\/schema.org\",\"@graph\":[{\"@type\":\"BreadcrumbList\",\"@id\":\"https:\\\/\\\/cards.kkiosk.ch\\\/fr\\\/mentions-legales\\\/#breadcrumblist\",\"itemListElement\":[{\"@type\":\"ListItem\",\"@id\":\"https:\\\/\\\/cards.kkiosk.ch\\\/fr\\\/#listItem\",\"position\":1,\"name\":\"Home\",\"item\":\"https:\\\/\\\/cards.kkiosk.ch\\\/fr\\\/\",\"nextItem\":{\"@type\":\"ListItem\",\"@id\":\"https:\\\/\\\/cards.kkiosk.ch\\\/fr\\\/mentions-legales\\\/#listItem\",\"name\":\"Mentions l\\u00e9gales\"}},{\"@type\":\"ListItem\",\"@id\":\"https:\\\/\\\/cards.kkiosk.ch\\\/fr\\\/mentions-legales\\\/#listItem\",\"position\":2,\"name\":\"Mentions l\\u00e9gales\",\"previousItem\":{\"@type\":\"ListItem\",\"@id\":\"https:\\\/\\\/cards.kkiosk.ch\\\/fr\\\/#listItem\",\"name\":\"Home\"}}]},{\"@type\":\"ItemPage\",\"@id\":\"https:\\\/\\\/cards.kkiosk.ch\\\/fr\\\/mentions-legales\\\/#itempage\",\"url\":\"https:\\\/\\\/cards.kkiosk.ch\\\/fr\\\/mentions-legales\\\/\",\"name\":\"Mentions l\\u00e9gales \\u2192 Carte-cadeau num\\u00e9rique, livraison instantan\\u00e9e | cards.kkiosk.ch\",\"description\":\"Responsable du contenu Valora Suisse SA Hofackerstrasse 40 4132 Muttenz Suisse Courrier \\u00e9lectronique : support.cards@kkiosk.ch Web: cards.kkiosk.ch T\\u00e9l\\u00e9phone : 061\\\/467\\u201820\\u201820 R\\u00e9alisation du site web Smarts d.o.o Pilepici 11 51000 Rijeka Croatie Courrier \\u00e9lectronique : info@smarts.hr Web : www.smarts.hr\",\"inLanguage\":\"fr\",\"isPartOf\":{\"@id\":\"https:\\\/\\\/cards.kkiosk.ch\\\/fr\\\/#website\"},\"breadcrumb\":{\"@id\":\"https:\\\/\\\/cards.kkiosk.ch\\\/fr\\\/mentions-legales\\\/#breadcrumblist\"},\"datePublished\":\"2022-12-14T17:52:09+01:00\",\"dateModified\":\"2023-03-03T11:55:31+01:00\"},{\"@type\":\"Organization\",\"@id\":\"https:\\\/\\\/cards.kkiosk.ch\\\/fr\\\/#organization\",\"name\":\"Valora Schweiz AG\",\"description\":\"Boutique suisse de cartes-cadeaux et cr\\u00e9dits num\\u00e9riques : Apple, Paysafecard, Google Play, Bitcoin\\u2026 Paiement s\\u00e9curis\\u00e9, code instantan\\u00e9 par e-mail.\",\"url\":\"https:\\\/\\\/cards.kkiosk.ch\\\/fr\\\/\",\"telephone\":\"+41614672020\",\"logo\":{\"@type\":\"ImageObject\",\"url\":\"https:\\\/\\\/cards.kkiosk.ch\\\/wp-content\\\/uploads\\\/2023\\\/03\\\/cropped-cards-kkiosk-favicon-black-e1677911898508.png\",\"@id\":\"https:\\\/\\\/cards.kkiosk.ch\\\/fr\\\/mentions-legales\\\/#organizationLogo\",\"width\":512,\"height\":512},\"image\":{\"@id\":\"https:\\\/\\\/cards.kkiosk.ch\\\/fr\\\/mentions-legales\\\/#organizationLogo\"},\"sameAs\":[\"https:\\\/\\\/www.facebook.com\\\/kkiosk\",\"https:\\\/\\\/www.instagram.com\\\/k_kiosk\\\/\",\"https:\\\/\\\/www.pinterest.com\\\/cards0056\\\/\",\"https:\\\/\\\/www.youtube.com\\\/user\\\/my1kkiosk\"]},{\"@type\":\"WebPage\",\"@id\":\"https:\\\/\\\/cards.kkiosk.ch\\\/fr\\\/mentions-legales\\\/#webpage\",\"url\":\"https:\\\/\\\/cards.kkiosk.ch\\\/fr\\\/mentions-legales\\\/\",\"name\":\"Mentions l\\u00e9gales \\u2192 Carte-cadeau num\\u00e9rique, livraison instantan\\u00e9e | cards.kkiosk.ch\",\"description\":\"Responsable du contenu Valora Suisse SA Hofackerstrasse 40 4132 Muttenz Suisse Courrier \\u00e9lectronique : support.cards@kkiosk.ch Web: cards.kkiosk.ch T\\u00e9l\\u00e9phone : 061\\\/467\\u201820\\u201820 R\\u00e9alisation du site web Smarts d.o.o Pilepici 11 51000 Rijeka Croatie Courrier \\u00e9lectronique : info@smarts.hr Web : www.smarts.hr\",\"inLanguage\":\"fr\",\"isPartOf\":{\"@id\":\"https:\\\/\\\/cards.kkiosk.ch\\\/fr\\\/#website\"},\"breadcrumb\":{\"@id\":\"https:\\\/\\\/cards.kkiosk.ch\\\/fr\\\/mentions-legales\\\/#breadcrumblist\"},\"datePublished\":\"2022-12-14T17:52:09+01:00\",\"dateModified\":\"2023-03-03T11:55:31+01:00\"},{\"@type\":\"WebSite\",\"@id\":\"https:\\\/\\\/cards.kkiosk.ch\\\/fr\\\/#website\",\"url\":\"https:\\\/\\\/cards.kkiosk.ch\\\/fr\\\/\",\"name\":\"cards.kkiosk.ch\",\"alternateName\":\"cards\",\"description\":\"Boutique suisse de cartes-cadeaux et cr\\u00e9dits num\\u00e9riques : Apple, Paysafecard, Google Play, Bitcoin\\u2026 Paiement s\\u00e9curis\\u00e9, code instantan\\u00e9 par e-mail.\",\"inLanguage\":\"fr\",\"publisher\":{\"@id\":\"https:\\\/\\\/cards.kkiosk.ch\\\/fr\\\/#organization\"}}]}\n\t\t<\/script>\n\t\t<!-- All in One SEO Pro -->\r\n\t\t<title>Mentions l\u00e9gales \u2192 Carte-cadeau num\u00e9rique, livraison instantan\u00e9e | cards.kkiosk.ch<\/title>\n\n","aioseo_head_json":{"title":"Mentions l\u00e9gales \u2192 Carte-cadeau num\u00e9rique, livraison instantan\u00e9e | cards.kkiosk.ch","description":"Responsable du contenu Valora Suisse SA Hofackerstrasse 40 4132 Muttenz Suisse Courrier \u00e9lectronique : support.cards@kkiosk.ch Web: cards.kkiosk.ch T\u00e9l\u00e9phone : 061\/467\u201820\u201820 R\u00e9alisation du site web Smarts d.o.o Pilepici 11 51000 Rijeka Croatie Courrier \u00e9lectronique : info@smarts.hr Web : www.smarts.hr","canonical_url":"https:\/\/cards.kkiosk.ch\/fr\/mentions-legales\/","robots":"max-image-preview:large","keywords":"","webmasterTools":{"google-site-verification":"rYn5PCbh0_K_BKTjpqwAZI5rFXpv5c-SV5eHdmLHhr0","msvalidate.01":"D078CE645D623BFE38BB58E6D03E005A","miscellaneous":""},"schema":{"@context":"https:\/\/schema.org","@graph":[{"@type":"BreadcrumbList","@id":"https:\/\/cards.kkiosk.ch\/fr\/mentions-legales\/#breadcrumblist","itemListElement":[{"@type":"ListItem","@id":"https:\/\/cards.kkiosk.ch\/fr\/#listItem","position":1,"name":"Home","item":"https:\/\/cards.kkiosk.ch\/fr\/","nextItem":{"@type":"ListItem","@id":"https:\/\/cards.kkiosk.ch\/fr\/mentions-legales\/#listItem","name":"Mentions l\u00e9gales"}},{"@type":"ListItem","@id":"https:\/\/cards.kkiosk.ch\/fr\/mentions-legales\/#listItem","position":2,"name":"Mentions l\u00e9gales","previousItem":{"@type":"ListItem","@id":"https:\/\/cards.kkiosk.ch\/fr\/#listItem","name":"Home"}}]},{"@type":"ItemPage","@id":"https:\/\/cards.kkiosk.ch\/fr\/mentions-legales\/#itempage","url":"https:\/\/cards.kkiosk.ch\/fr\/mentions-legales\/","name":"Mentions l\u00e9gales \u2192 Carte-cadeau num\u00e9rique, livraison instantan\u00e9e | cards.kkiosk.ch","description":"Responsable du contenu Valora Suisse SA Hofackerstrasse 40 4132 Muttenz Suisse Courrier \u00e9lectronique : support.cards@kkiosk.ch Web: cards.kkiosk.ch T\u00e9l\u00e9phone : 061\/467\u201820\u201820 R\u00e9alisation du site web Smarts d.o.o Pilepici 11 51000 Rijeka Croatie Courrier \u00e9lectronique : info@smarts.hr Web : www.smarts.hr","inLanguage":"fr","isPartOf":{"@id":"https:\/\/cards.kkiosk.ch\/fr\/#website"},"breadcrumb":{"@id":"https:\/\/cards.kkiosk.ch\/fr\/mentions-legales\/#breadcrumblist"},"datePublished":"2022-12-14T17:52:09+01:00","dateModified":"2023-03-03T11:55:31+01:00"},{"@type":"Organization","@id":"https:\/\/cards.kkiosk.ch\/fr\/#organization","name":"Valora Schweiz AG","description":"Boutique suisse de cartes-cadeaux et cr\u00e9dits num\u00e9riques : Apple, Paysafecard, Google Play, Bitcoin\u2026 Paiement s\u00e9curis\u00e9, code instantan\u00e9 par e-mail.","url":"https:\/\/cards.kkiosk.ch\/fr\/","telephone":"+41614672020","logo":{"@type":"ImageObject","url":"https:\/\/cards.kkiosk.ch\/wp-content\/uploads\/2023\/03\/cropped-cards-kkiosk-favicon-black-e1677911898508.png","@id":"https:\/\/cards.kkiosk.ch\/fr\/mentions-legales\/#organizationLogo","width":512,"height":512},"image":{"@id":"https:\/\/cards.kkiosk.ch\/fr\/mentions-legales\/#organizationLogo"},"sameAs":["https:\/\/www.facebook.com\/kkiosk","https:\/\/www.instagram.com\/k_kiosk\/","https:\/\/www.pinterest.com\/cards0056\/","https:\/\/www.youtube.com\/user\/my1kkiosk"]},{"@type":"WebPage","@id":"https:\/\/cards.kkiosk.ch\/fr\/mentions-legales\/#webpage","url":"https:\/\/cards.kkiosk.ch\/fr\/mentions-legales\/","name":"Mentions l\u00e9gales \u2192 Carte-cadeau num\u00e9rique, livraison instantan\u00e9e | cards.kkiosk.ch","description":"Responsable du contenu Valora Suisse SA Hofackerstrasse 40 4132 Muttenz Suisse Courrier \u00e9lectronique : support.cards@kkiosk.ch Web: cards.kkiosk.ch T\u00e9l\u00e9phone : 061\/467\u201820\u201820 R\u00e9alisation du site web Smarts d.o.o Pilepici 11 51000 Rijeka Croatie Courrier \u00e9lectronique : info@smarts.hr Web : www.smarts.hr","inLanguage":"fr","isPartOf":{"@id":"https:\/\/cards.kkiosk.ch\/fr\/#website"},"breadcrumb":{"@id":"https:\/\/cards.kkiosk.ch\/fr\/mentions-legales\/#breadcrumblist"},"datePublished":"2022-12-14T17:52:09+01:00","dateModified":"2023-03-03T11:55:31+01:00"},{"@type":"WebSite","@id":"https:\/\/cards.kkiosk.ch\/fr\/#website","url":"https:\/\/cards.kkiosk.ch\/fr\/","name":"cards.kkiosk.ch","alternateName":"cards","description":"Boutique suisse de cartes-cadeaux et cr\u00e9dits num\u00e9riques : Apple, Paysafecard, Google Play, Bitcoin\u2026 Paiement s\u00e9curis\u00e9, code instantan\u00e9 par e-mail.","inLanguage":"fr","publisher":{"@id":"https:\/\/cards.kkiosk.ch\/fr\/#organization"}}]},"og:locale":"fr_FR","og:site_name":"Carte-cadeau num\u00e9rique, livraison instantan\u00e9e | cards.kkiosk.ch \u2192 Boutique suisse de cartes-cadeaux et cr\u00e9dits num\u00e9riques : Apple, Paysafecard, Google Play, Bitcoin\u2026 Paiement s\u00e9curis\u00e9, code instantan\u00e9 par e-mail.","og:type":"article","og:title":"Mentions l\u00e9gales \u2192 Carte-cadeau num\u00e9rique, livraison instantan\u00e9e | cards.kkiosk.ch","og:description":"Responsable du contenu Valora Suisse SA Hofackerstrasse 40 4132 Muttenz Suisse Courrier \u00e9lectronique : support.cards@kkiosk.ch Web: cards.kkiosk.ch T\u00e9l\u00e9phone : 061\/467\u201820\u201820 R\u00e9alisation du site web Smarts d.o.o Pilepici 11 51000 Rijeka Croatie Courrier \u00e9lectronique : info@smarts.hr Web : www.smarts.hr","og:url":"https:\/\/cards.kkiosk.ch\/fr\/mentions-legales\/","og:image":"https:\/\/cards.kkiosk.ch\/wp-content\/uploads\/2023\/03\/cropped-cards-kkiosk-favicon-black-e1677911898508.png","og:image:secure_url":"https:\/\/cards.kkiosk.ch\/wp-content\/uploads\/2023\/03\/cropped-cards-kkiosk-favicon-black-e1677911898508.png","og:image:width":512,"og:image:height":512,"article:published_time":"2022-12-14T16:52:09+00:00","article:modified_time":"2023-03-03T10:55:31+00:00","article:publisher":"https:\/\/www.facebook.com\/kkiosk","twitter:card":"summary_large_image","twitter:title":"Mentions l\u00e9gales \u2192 Carte-cadeau num\u00e9rique, livraison instantan\u00e9e | cards.kkiosk.ch","twitter:description":"Responsable du contenu Valora Suisse SA Hofackerstrasse 40 4132 Muttenz Suisse Courrier \u00e9lectronique : support.cards@kkiosk.ch Web: cards.kkiosk.ch T\u00e9l\u00e9phone : 061\/467\u201820\u201820 R\u00e9alisation du site web Smarts d.o.o Pilepici 11 51000 Rijeka Croatie Courrier \u00e9lectronique : info@smarts.hr Web : www.smarts.hr","twitter:image":"https:\/\/cards.kkiosk.ch\/wp-content\/uploads\/2023\/03\/cropped-cards-kkiosk-favicon-black-e1677911898508.png"},"aioseo_meta_data":{"post_id":"3006","title":null,"description":null,"keywords":[],"keyphrases":{"focus":{"keyphrase":"","score":0,"analysis":{"keyphraseInTitle":{"score":0,"maxScore":9,"error":1}}},"additional":[]},"primary_term":null,"canonical_url":null,"og_title":null,"og_description":null,"og_object_type":"default","og_image_type":"default","og_image_url":null,"og_image_width":null,"og_image_height":null,"og_image_custom_url":null,"og_image_custom_fields":null,"og_video":"","og_custom_url":null,"og_article_section":null,"og_article_tags":[],"twitter_use_og":false,"twitter_card":"default","twitter_image_type":"default","twitter_image_url":null,"twitter_image_custom_url":null,"twitter_image_custom_fields":null,"twitter_title":null,"twitter_description":null,"schema":{"blockGraphs":[],"customGraphs":[],"default":{"data":{"Article":[],"Course":[],"Dataset":[],"FAQPage":[],"Movie":[],"Person":[],"Product":[],"ProductReview":[],"Car":[],"Recipe":[],"Service":[],"SoftwareApplication":[],"WebPage":[]},"graphName":"WebPage","isEnabled":true},"graphs":[]},"schema_type":"default","schema_type_options":null,"pillar_content":false,"robots_default":true,"robots_noindex":false,"robots_noarchive":false,"robots_nosnippet":false,"robots_nofollow":false,"robots_noimageindex":false,"robots_noodp":false,"robots_notranslate":false,"robots_max_snippet":"-1","robots_max_videopreview":"-1","robots_max_imagepreview":"large","priority":null,"frequency":"default","local_seo":null,"seo_analyzer_scan_date":"2025-08-22 09:47:08","breadcrumb_settings":null,"limit_modified_date":false,"open_ai":null,"ai":null,"created":"2023-02-28 14:09:55","updated":"2025-10-21 20:58:06"},"aioseo_breadcrumb":"<div class=\"aioseo-breadcrumbs\"><span class=\"aioseo-breadcrumb\">\n\t<a href=\"https:\/\/cards.kkiosk.ch\/fr\/\" title=\"Home\">Home<\/a>\n<\/span><span class=\"aioseo-breadcrumb-separator\">\u2192<\/span><span class=\"aioseo-breadcrumb\">\n\tMentions l\u00e9gales\n<\/span><\/div>","aioseo_breadcrumb_json":[{"label":"Home","link":"https:\/\/cards.kkiosk.ch\/fr\/"},{"label":"Mentions l\u00e9gales","link":"https:\/\/cards.kkiosk.ch\/fr\/mentions-legales\/"}],"_links":{"self":[{"href":"https:\/\/cards.kkiosk.ch\/fr\/wp-json\/wp\/v2\/pages\/3006","targetHints":{"allow":["GET"]}}],"collection":[{"href":"https:\/\/cards.kkiosk.ch\/fr\/wp-json\/wp\/v2\/pages"}],"about":[{"href":"https:\/\/cards.kkiosk.ch\/fr\/wp-json\/wp\/v2\/types\/page"}],"author":[{"embeddable":true,"href":"https:\/\/cards.kkiosk.ch\/fr\/wp-json\/wp\/v2\/users\/2"}],"replies":[{"embeddable":true,"href":"https:\/\/cards.kkiosk.ch\/fr\/wp-json\/wp\/v2\/comments?post=3006"}],"version-history":[{"count":0,"href":"https:\/\/cards.kkiosk.ch\/fr\/wp-json\/wp\/v2\/pages\/3006\/revisions"}],"wp:attachment":[{"href":"https:\/\/cards.kkiosk.ch\/fr\/wp-json\/wp\/v2\/media?parent=3006"}],"curies":[{"name":"wp","href":"https:\/\/api.w.org\/{rel}","templated":true}]}}